{"id":2018,"date":"2025-12-22T08:23:31","date_gmt":"2025-12-22T08:23:31","guid":{"rendered":"https:\/\/stevedor.dk\/services\/"},"modified":"2026-04-28T06:43:45","modified_gmt":"2026-04-28T06:43:45","slug":"services","status":"publish","type":"page","link":"https:\/\/stevedor.dk\/de\/services\/","title":{"rendered":"Services"},"content":{"rendered":"\t\t<div data-elementor-type=\"wp-page\" data-elementor-id=\"2018\" class=\"elementor elementor-2018 elementor-526\" data-elementor-post-type=\"page\">\n\t\t\t\t<div class=\"elementor-element elementor-element-70afb361 e-con-full e-flex e-con e-parent\" data-id=\"70afb361\" data-element_type=\"container\" data-e-type=\"container\" data-settings=\"{&quot;background_background&quot;:&quot;classic&quot;}\">\n\t\t<div class=\"elementor-element elementor-element-18581b60 e-con-full hero-blue elementor-hidden-mobile e-flex e-con e-child\" data-id=\"18581b60\" data-element_type=\"container\" data-e-type=\"container\" data-settings=\"{&quot;background_background&quot;:&quot;classic&quot;,&quot;position&quot;:&quot;absolute&quot;}\">\n\t\t\t\t<\/div>\n\t\t<div class=\"elementor-element elementor-element-167080c e-con-full e-flex e-con e-child\" data-id=\"167080c\" data-element_type=\"container\" data-e-type=\"container\" data-settings=\"{&quot;background_background&quot;:&quot;classic&quot;}\">\n\t\t\t\t<div class=\"elementor-element elementor-element-204ad0e4 elementor-widget elementor-widget-heading\" data-id=\"204ad0e4\" data-element_type=\"widget\" data-e-type=\"widget\" data-widget_type=\"heading.default\">\n\t\t\t\t\t<h1 class=\"elementor-heading-title elementor-size-default\">Professionelle Stauerei-Dienstleistungen<\/h1>\t\t\t\t<\/div>\n\t\t\t\t<div class=\"elementor-element elementor-element-3640c047 elementor-widget elementor-widget-text-editor\" data-id=\"3640c047\" data-element_type=\"widget\" data-e-type=\"widget\" data-widget_type=\"text-editor.default\">\n\t\t\t\t\t\t\t\t\t<p>Wir \u00fcbernehmen das L\u00f6schen und Laden, Tiefk\u00fchlwaren, Fisch sowie Sonderaufgaben \u2013 flexibel und sicher.<\/p>\t\t\t\t\t\t\t\t<\/div>\n\t\t\t\t<div class=\"elementor-element elementor-element-56b862c0 elementor-mobile-align-justify elementor-widget elementor-widget-button\" data-id=\"56b862c0\" data-element_type=\"widget\" data-e-type=\"widget\" data-widget_type=\"button.default\">\n\t\t\t\t\t\t\t\t\t\t<a class=\"elementor-button elementor-button-link elementor-size-sm\" href=\"#fp-services\">\n\t\t\t\t\t\t<span class=\"elementor-button-content-wrapper\">\n\t\t\t\t\t\t\t\t\t<span class=\"elementor-button-text\">Sehen Sie, was wir k\u00f6nnen<\/span>\n\t\t\t\t\t<\/span>\n\t\t\t\t\t<\/a>\n\t\t\t\t\t\t\t\t<\/div>\n\t\t\t\t<\/div>\n\t\t\t\t<\/div>\n\t\t<div class=\"elementor-element elementor-element-ffb3ce3 e-flex e-con-boxed e-con e-parent\" data-id=\"ffb3ce3\" data-element_type=\"container\" data-e-type=\"container\" id=\"fp-services\">\n\t\t\t\t\t<div class=\"e-con-inner\">\n\t\t<div class=\"elementor-element elementor-element-3a6899c e-con-full e-flex e-con e-child\" data-id=\"3a6899c\" data-element_type=\"container\" data-e-type=\"container\">\n\t\t<a class=\"elementor-element elementor-element-a9cca1a e-con-full e-flex e-con e-child\" data-id=\"a9cca1a\" data-element_type=\"container\" data-e-type=\"container\" data-settings=\"{&quot;background_background&quot;:&quot;classic&quot;}\" href=\"https:\/\/stevedor.dk\/de\/services\/offshore-wind\/\">\n\t\t\t\t<div class=\"elementor-element elementor-element-36d4479 elementor-widget elementor-widget-image\" data-id=\"36d4479\" data-element_type=\"widget\" data-e-type=\"widget\" data-widget_type=\"image.default\">\n\t\t\t\t\t\t\t\t\t\t\t\t\t\t\t<img fetchpriority=\"high\" decoding=\"async\" width=\"1920\" height=\"1080\" src=\"https:\/\/stevedor.dk\/wp-content\/uploads\/test-1.jpg\" class=\"attachment-full size-full wp-image-1901\" alt=\"\" srcset=\"https:\/\/stevedor.dk\/wp-content\/uploads\/test-1.jpg 1920w, https:\/\/stevedor.dk\/wp-content\/uploads\/test-1-300x169.jpg 300w, https:\/\/stevedor.dk\/wp-content\/uploads\/test-1-1024x576.jpg 1024w, https:\/\/stevedor.dk\/wp-content\/uploads\/test-1-768x432.jpg 768w, https:\/\/stevedor.dk\/wp-content\/uploads\/test-1-1536x864.jpg 1536w\" sizes=\"(max-width: 1920px) 100vw, 1920px\" \/>\t\t\t\t\t\t\t\t\t\t\t\t\t\t\t<\/div>\n\t\t<div class=\"elementor-element elementor-element-5d7c25a e-con-full e-flex e-con e-child\" data-id=\"5d7c25a\" data-element_type=\"container\" data-e-type=\"container\">\n\t\t\t\t<div class=\"elementor-element elementor-element-ab1906e elementor-widget elementor-widget-heading\" data-id=\"ab1906e\" data-element_type=\"widget\" data-e-type=\"widget\" data-widget_type=\"heading.default\">\n\t\t\t\t\t<h3 class=\"elementor-heading-title elementor-size-default\">Offshore-Wind<\/h3>\t\t\t\t<\/div>\n\t\t\t\t<div class=\"elementor-element elementor-element-1a84659 elementor-widget elementor-widget-text-editor\" data-id=\"1a84659\" data-element_type=\"widget\" data-e-type=\"widget\" data-widget_type=\"text-editor.default\">\n\t\t\t\t\t\t\t\t\t<p style=\"font-weight: 400;\">Mit den zunehmenden Offshore-Aktivit\u00e4ten sowohl in Thybor\u00f8n als auch in Hvide Sande haben wir in diesem Bereich umfassende Erfahrung aufgebaut, und heute k\u00f6nnen wir mit gut ausgebildetem und kompetentem Personal nahezu jede terminal- oder hafenbezogene Aufgabe \u00fcbernehmen.<\/p>\t\t\t\t\t\t\t\t<\/div>\n\t\t\t\t<div class=\"elementor-element elementor-element-efd4b50 elementor-view-default elementor-widget elementor-widget-icon\" data-id=\"efd4b50\" data-element_type=\"widget\" data-e-type=\"widget\" data-widget_type=\"icon.default\">\n\t\t\t\t\t\t\t<div class=\"elementor-icon-wrapper\">\n\t\t\t<div class=\"elementor-icon\">\n\t\t\t<svg aria-hidden=\"true\" class=\"e-font-icon-svg e-fas-arrow-right\" viewBox=\"0 0 448 512\" xmlns=\"http:\/\/www.w3.org\/2000\/svg\"><path d=\"M190.5 66.9l22.2-22.2c9.4-9.4 24.6-9.4 33.9 0L441 239c9.4 9.4 9.4 24.6 0 33.9L246.6 467.3c-9.4 9.4-24.6 9.4-33.9 0l-22.2-22.2c-9.5-9.5-9.3-25 .4-34.3L311.4 296H24c-13.3 0-24-10.7-24-24v-32c0-13.3 10.7-24 24-24h287.4L190.9 101.2c-9.8-9.3-10-24.8-.4-34.3z\"><\/path><\/svg>\t\t\t<\/div>\n\t\t<\/div>\n\t\t\t\t\t\t<\/div>\n\t\t\t\t<\/div>\n\t\t\t\t<\/a>\n\t\t<a class=\"elementor-element elementor-element-0f09f48 e-con-full e-flex e-con e-child\" data-id=\"0f09f48\" data-element_type=\"container\" data-e-type=\"container\" data-settings=\"{&quot;background_background&quot;:&quot;classic&quot;}\" href=\"https:\/\/stevedor.dk\/de\/services\/stueckguthandling\/\">\n\t\t\t\t<div class=\"elementor-element elementor-element-57153b9 elementor-widget elementor-widget-image\" data-id=\"57153b9\" data-element_type=\"widget\" data-e-type=\"widget\" data-widget_type=\"image.default\">\n\t\t\t\t\t\t\t\t\t\t\t\t\t\t\t<img decoding=\"async\" width=\"1920\" height=\"1080\" src=\"https:\/\/stevedor.dk\/wp-content\/uploads\/haandtering-af-stykgods-main.webp\" class=\"attachment-full size-full wp-image-1906\" alt=\"\" srcset=\"https:\/\/stevedor.dk\/wp-content\/uploads\/haandtering-af-stykgods-main.webp 1920w, https:\/\/stevedor.dk\/wp-content\/uploads\/haandtering-af-stykgods-main-300x169.webp 300w, https:\/\/stevedor.dk\/wp-content\/uploads\/haandtering-af-stykgods-main-1024x576.webp 1024w, https:\/\/stevedor.dk\/wp-content\/uploads\/haandtering-af-stykgods-main-768x432.webp 768w, https:\/\/stevedor.dk\/wp-content\/uploads\/haandtering-af-stykgods-main-1536x864.webp 1536w\" sizes=\"(max-width: 1920px) 100vw, 1920px\" \/>\t\t\t\t\t\t\t\t\t\t\t\t\t\t\t<\/div>\n\t\t<div class=\"elementor-element elementor-element-777bfc2 e-con-full e-flex e-con e-child\" data-id=\"777bfc2\" data-element_type=\"container\" data-e-type=\"container\">\n\t\t\t\t<div class=\"elementor-element elementor-element-9e19fb0 elementor-widget elementor-widget-heading\" data-id=\"9e19fb0\" data-element_type=\"widget\" data-e-type=\"widget\" data-widget_type=\"heading.default\">\n\t\t\t\t\t<h3 class=\"elementor-heading-title elementor-size-default\">St\u00fcckguthandling<\/h3>\t\t\t\t<\/div>\n\t\t\t\t<div class=\"elementor-element elementor-element-1e5e300 elementor-widget elementor-widget-text-editor\" data-id=\"1e5e300\" data-element_type=\"widget\" data-e-type=\"widget\" data-widget_type=\"text-editor.default\">\n\t\t\t\t\t\t\t\t\t<p>Wir handhaben St\u00fcckgut bis zu 60 Tonnen \u2013 von Maschinen, Stahlkomponenten und Bauteilen bis hin zu Transformatoren und Windkraftanlagenkomponenten.<\/p>\t\t\t\t\t\t\t\t<\/div>\n\t\t\t\t<div class=\"elementor-element elementor-element-3242169 elementor-view-default elementor-widget elementor-widget-icon\" data-id=\"3242169\" data-element_type=\"widget\" data-e-type=\"widget\" data-widget_type=\"icon.default\">\n\t\t\t\t\t\t\t<div class=\"elementor-icon-wrapper\">\n\t\t\t<div class=\"elementor-icon\">\n\t\t\t<svg aria-hidden=\"true\" class=\"e-font-icon-svg e-fas-arrow-right\" viewBox=\"0 0 448 512\" xmlns=\"http:\/\/www.w3.org\/2000\/svg\"><path d=\"M190.5 66.9l22.2-22.2c9.4-9.4 24.6-9.4 33.9 0L441 239c9.4 9.4 9.4 24.6 0 33.9L246.6 467.3c-9.4 9.4-24.6 9.4-33.9 0l-22.2-22.2c-9.5-9.5-9.3-25 .4-34.3L311.4 296H24c-13.3 0-24-10.7-24-24v-32c0-13.3 10.7-24 24-24h287.4L190.9 101.2c-9.8-9.3-10-24.8-.4-34.3z\"><\/path><\/svg>\t\t\t<\/div>\n\t\t<\/div>\n\t\t\t\t\t\t<\/div>\n\t\t\t\t<\/div>\n\t\t\t\t<\/a>\n\t\t<a class=\"elementor-element elementor-element-fa5feb4 e-con-full e-flex e-con e-child\" data-id=\"fa5feb4\" data-element_type=\"container\" data-e-type=\"container\" data-settings=\"{&quot;background_background&quot;:&quot;classic&quot;}\" href=\"https:\/\/stevedor.dk\/de\/services\/logistikloesungen\/\">\n\t\t\t\t<div class=\"elementor-element elementor-element-46cc86f elementor-widget elementor-widget-image\" data-id=\"46cc86f\" data-element_type=\"widget\" data-e-type=\"widget\" data-widget_type=\"image.default\">\n\t\t\t\t\t\t\t\t\t\t\t\t\t\t\t<img decoding=\"async\" width=\"1920\" height=\"1080\" src=\"https:\/\/stevedor.dk\/wp-content\/uploads\/stevedore-logistikloesninger.webp\" class=\"attachment-full size-full wp-image-2146\" alt=\"\" srcset=\"https:\/\/stevedor.dk\/wp-content\/uploads\/stevedore-logistikloesninger.webp 1920w, https:\/\/stevedor.dk\/wp-content\/uploads\/stevedore-logistikloesninger-300x169.webp 300w, https:\/\/stevedor.dk\/wp-content\/uploads\/stevedore-logistikloesninger-1024x576.webp 1024w, https:\/\/stevedor.dk\/wp-content\/uploads\/stevedore-logistikloesninger-768x432.webp 768w, https:\/\/stevedor.dk\/wp-content\/uploads\/stevedore-logistikloesninger-1536x864.webp 1536w\" sizes=\"(max-width: 1920px) 100vw, 1920px\" \/>\t\t\t\t\t\t\t\t\t\t\t\t\t\t\t<\/div>\n\t\t<div class=\"elementor-element elementor-element-1cc21e6 e-con-full e-flex e-con e-child\" data-id=\"1cc21e6\" data-element_type=\"container\" data-e-type=\"container\">\n\t\t\t\t<div class=\"elementor-element elementor-element-1bf8389 elementor-widget elementor-widget-heading\" data-id=\"1bf8389\" data-element_type=\"widget\" data-e-type=\"widget\" data-widget_type=\"heading.default\">\n\t\t\t\t\t<h3 class=\"elementor-heading-title elementor-size-default\">Logistikl\u00f6sungen<\/h3>\t\t\t\t<\/div>\n\t\t\t\t<div class=\"elementor-element elementor-element-bbfa3f7 elementor-widget elementor-widget-text-editor\" data-id=\"bbfa3f7\" data-element_type=\"widget\" data-e-type=\"widget\" data-widget_type=\"text-editor.default\">\n\t\t\t\t\t\t\t\t\t<p>Wir haben uns auf L\u00f6sungen spezialisiert, bei denen palettierte Ware und Big Bags mit allem von Fischfutter bis hin zu Ziegelsteinen abgeholt, gelagert und an Bestimmungsorte in D\u00e4nemark, Norwegen und Gro\u00dfbritannien geliefert werden.<\/p>\t\t\t\t\t\t\t\t<\/div>\n\t\t\t\t<div class=\"elementor-element elementor-element-4bdebdd elementor-view-default elementor-widget elementor-widget-icon\" data-id=\"4bdebdd\" data-element_type=\"widget\" data-e-type=\"widget\" data-widget_type=\"icon.default\">\n\t\t\t\t\t\t\t<div class=\"elementor-icon-wrapper\">\n\t\t\t<div class=\"elementor-icon\">\n\t\t\t<svg aria-hidden=\"true\" class=\"e-font-icon-svg e-fas-arrow-right\" viewBox=\"0 0 448 512\" xmlns=\"http:\/\/www.w3.org\/2000\/svg\"><path d=\"M190.5 66.9l22.2-22.2c9.4-9.4 24.6-9.4 33.9 0L441 239c9.4 9.4 9.4 24.6 0 33.9L246.6 467.3c-9.4 9.4-24.6 9.4-33.9 0l-22.2-22.2c-9.5-9.5-9.3-25 .4-34.3L311.4 296H24c-13.3 0-24-10.7-24-24v-32c0-13.3 10.7-24 24-24h287.4L190.9 101.2c-9.8-9.3-10-24.8-.4-34.3z\"><\/path><\/svg>\t\t\t<\/div>\n\t\t<\/div>\n\t\t\t\t\t\t<\/div>\n\t\t\t\t<\/div>\n\t\t\t\t<\/a>\n\t\t\t\t<\/div>\n\t\t<div class=\"elementor-element elementor-element-c1b5333 e-con-full e-flex e-con e-child\" data-id=\"c1b5333\" data-element_type=\"container\" data-e-type=\"container\">\n\t\t<a class=\"elementor-element elementor-element-ed1bf03 e-con-full e-flex e-con e-child\" data-id=\"ed1bf03\" data-element_type=\"container\" data-e-type=\"container\" data-settings=\"{&quot;background_background&quot;:&quot;classic&quot;}\" href=\"https:\/\/stevedor.dk\/de\/services\/vermietung-von-lagerflaeche\/\">\n\t\t\t\t<div class=\"elementor-element elementor-element-3c452de elementor-widget elementor-widget-image\" data-id=\"3c452de\" data-element_type=\"widget\" data-e-type=\"widget\" data-widget_type=\"image.default\">\n\t\t\t\t\t\t\t\t\t\t\t\t\t\t\t<img loading=\"lazy\" decoding=\"async\" width=\"1920\" height=\"1080\" src=\"https:\/\/stevedor.dk\/wp-content\/uploads\/test-3.jpg\" class=\"attachment-full size-full wp-image-1903\" alt=\"\" srcset=\"https:\/\/stevedor.dk\/wp-content\/uploads\/test-3.jpg 1920w, https:\/\/stevedor.dk\/wp-content\/uploads\/test-3-300x169.jpg 300w, https:\/\/stevedor.dk\/wp-content\/uploads\/test-3-1024x576.jpg 1024w, https:\/\/stevedor.dk\/wp-content\/uploads\/test-3-768x432.jpg 768w, https:\/\/stevedor.dk\/wp-content\/uploads\/test-3-1536x864.jpg 1536w\" sizes=\"(max-width: 1920px) 100vw, 1920px\" \/>\t\t\t\t\t\t\t\t\t\t\t\t\t\t\t<\/div>\n\t\t<div class=\"elementor-element elementor-element-c45db6e e-con-full e-flex e-con e-child\" data-id=\"c45db6e\" data-element_type=\"container\" data-e-type=\"container\">\n\t\t\t\t<div class=\"elementor-element elementor-element-54febd7 elementor-widget elementor-widget-heading\" data-id=\"54febd7\" data-element_type=\"widget\" data-e-type=\"widget\" data-widget_type=\"heading.default\">\n\t\t\t\t\t<h3 class=\"elementor-heading-title elementor-size-default\">Vermietung von Lagerfl\u00e4che<\/h3>\t\t\t\t<\/div>\n\t\t\t\t<div class=\"elementor-element elementor-element-d590f07 elementor-widget elementor-widget-text-editor\" data-id=\"d590f07\" data-element_type=\"widget\" data-e-type=\"widget\" data-widget_type=\"text-editor.default\">\n\t\t\t\t\t\t\t\t\t<p style=\"font-weight: 400;\">Wir verf\u00fcgen \u00fcber Lagerhallen und Au\u00dfenlagerfl\u00e4chen sowohl in Thybor\u00f8n als auch in Hvide Sande.<\/p>\t\t\t\t\t\t\t\t<\/div>\n\t\t\t\t<div class=\"elementor-element elementor-element-5f38a7a elementor-view-default elementor-widget elementor-widget-icon\" data-id=\"5f38a7a\" data-element_type=\"widget\" data-e-type=\"widget\" data-widget_type=\"icon.default\">\n\t\t\t\t\t\t\t<div class=\"elementor-icon-wrapper\">\n\t\t\t<div class=\"elementor-icon\">\n\t\t\t<svg aria-hidden=\"true\" class=\"e-font-icon-svg e-fas-arrow-right\" viewBox=\"0 0 448 512\" xmlns=\"http:\/\/www.w3.org\/2000\/svg\"><path d=\"M190.5 66.9l22.2-22.2c9.4-9.4 24.6-9.4 33.9 0L441 239c9.4 9.4 9.4 24.6 0 33.9L246.6 467.3c-9.4 9.4-24.6 9.4-33.9 0l-22.2-22.2c-9.5-9.5-9.3-25 .4-34.3L311.4 296H24c-13.3 0-24-10.7-24-24v-32c0-13.3 10.7-24 24-24h287.4L190.9 101.2c-9.8-9.3-10-24.8-.4-34.3z\"><\/path><\/svg>\t\t\t<\/div>\n\t\t<\/div>\n\t\t\t\t\t\t<\/div>\n\t\t\t\t<\/div>\n\t\t\t\t<\/a>\n\t\t<a class=\"elementor-element elementor-element-1bb3cd5 e-con-full e-flex e-con e-child\" data-id=\"1bb3cd5\" data-element_type=\"container\" data-e-type=\"container\" data-settings=\"{&quot;background_background&quot;:&quot;classic&quot;}\" href=\"https:\/\/stevedor.dk\/de\/services\/tiefkuehllager\/\">\n\t\t\t\t<div class=\"elementor-element elementor-element-b8083e4 elementor-widget elementor-widget-image\" data-id=\"b8083e4\" data-element_type=\"widget\" data-e-type=\"widget\" data-widget_type=\"image.default\">\n\t\t\t\t\t\t\t\t\t\t\t\t\t\t\t<img loading=\"lazy\" decoding=\"async\" width=\"1920\" height=\"1080\" src=\"https:\/\/stevedor.dk\/wp-content\/uploads\/test-4.jpg\" class=\"attachment-full size-full wp-image-1893\" alt=\"\" srcset=\"https:\/\/stevedor.dk\/wp-content\/uploads\/test-4.jpg 1920w, https:\/\/stevedor.dk\/wp-content\/uploads\/test-4-300x169.jpg 300w, https:\/\/stevedor.dk\/wp-content\/uploads\/test-4-1024x576.jpg 1024w, https:\/\/stevedor.dk\/wp-content\/uploads\/test-4-768x432.jpg 768w, https:\/\/stevedor.dk\/wp-content\/uploads\/test-4-1536x864.jpg 1536w\" sizes=\"(max-width: 1920px) 100vw, 1920px\" \/>\t\t\t\t\t\t\t\t\t\t\t\t\t\t\t<\/div>\n\t\t<div class=\"elementor-element elementor-element-caf5fee e-con-full e-flex e-con e-child\" data-id=\"caf5fee\" data-element_type=\"container\" data-e-type=\"container\">\n\t\t\t\t<div class=\"elementor-element elementor-element-025791e elementor-widget elementor-widget-heading\" data-id=\"025791e\" data-element_type=\"widget\" data-e-type=\"widget\" data-widget_type=\"heading.default\">\n\t\t\t\t\t<h3 class=\"elementor-heading-title elementor-size-default\">Tiefk\u00fchllager<\/h3>\t\t\t\t<\/div>\n\t\t\t\t<div class=\"elementor-element elementor-element-efd6a09 elementor-widget elementor-widget-text-editor\" data-id=\"efd6a09\" data-element_type=\"widget\" data-e-type=\"widget\" data-widget_type=\"text-editor.default\">\n\t\t\t\t\t\t\t\t\t<p style=\"font-weight: 400;\">Wir verf\u00fcgen \u00fcber Tiefk\u00fchllager, die sowohl f\u00fcr Lebensmittel- als auch f\u00fcr Futtermittelprodukte zugelassen sind.<\/p>\t\t\t\t\t\t\t\t<\/div>\n\t\t\t\t<div class=\"elementor-element elementor-element-5739c6e elementor-view-default elementor-widget elementor-widget-icon\" data-id=\"5739c6e\" data-element_type=\"widget\" data-e-type=\"widget\" data-widget_type=\"icon.default\">\n\t\t\t\t\t\t\t<div class=\"elementor-icon-wrapper\">\n\t\t\t<div class=\"elementor-icon\">\n\t\t\t<svg aria-hidden=\"true\" class=\"e-font-icon-svg e-fas-arrow-right\" viewBox=\"0 0 448 512\" xmlns=\"http:\/\/www.w3.org\/2000\/svg\"><path d=\"M190.5 66.9l22.2-22.2c9.4-9.4 24.6-9.4 33.9 0L441 239c9.4 9.4 9.4 24.6 0 33.9L246.6 467.3c-9.4 9.4-24.6 9.4-33.9 0l-22.2-22.2c-9.5-9.5-9.3-25 .4-34.3L311.4 296H24c-13.3 0-24-10.7-24-24v-32c0-13.3 10.7-24 24-24h287.4L190.9 101.2c-9.8-9.3-10-24.8-.4-34.3z\"><\/path><\/svg>\t\t\t<\/div>\n\t\t<\/div>\n\t\t\t\t\t\t<\/div>\n\t\t\t\t<\/div>\n\t\t\t\t<\/a>\n\t\t<a class=\"elementor-element elementor-element-e4b7890 e-con-full e-flex e-con e-child\" data-id=\"e4b7890\" data-element_type=\"container\" data-e-type=\"container\" data-settings=\"{&quot;background_background&quot;:&quot;classic&quot;}\" href=\"https:\/\/stevedor.dk\/de\/services\/eisverkauf\/\">\n\t\t\t\t<div class=\"elementor-element elementor-element-9462240 elementor-widget elementor-widget-image\" data-id=\"9462240\" data-element_type=\"widget\" data-e-type=\"widget\" data-widget_type=\"image.default\">\n\t\t\t\t\t\t\t\t\t\t\t\t\t\t\t<img loading=\"lazy\" decoding=\"async\" width=\"1920\" height=\"1080\" src=\"https:\/\/stevedor.dk\/wp-content\/uploads\/test-5.jpg\" class=\"attachment-full size-full wp-image-1904\" alt=\"\" srcset=\"https:\/\/stevedor.dk\/wp-content\/uploads\/test-5.jpg 1920w, https:\/\/stevedor.dk\/wp-content\/uploads\/test-5-300x169.jpg 300w, https:\/\/stevedor.dk\/wp-content\/uploads\/test-5-1024x576.jpg 1024w, https:\/\/stevedor.dk\/wp-content\/uploads\/test-5-768x432.jpg 768w, https:\/\/stevedor.dk\/wp-content\/uploads\/test-5-1536x864.jpg 1536w\" sizes=\"(max-width: 1920px) 100vw, 1920px\" \/>\t\t\t\t\t\t\t\t\t\t\t\t\t\t\t<\/div>\n\t\t<div class=\"elementor-element elementor-element-34bcec4 e-con-full e-flex e-con e-child\" data-id=\"34bcec4\" data-element_type=\"container\" data-e-type=\"container\">\n\t\t\t\t<div class=\"elementor-element elementor-element-f71d1a2 elementor-widget elementor-widget-heading\" data-id=\"f71d1a2\" data-element_type=\"widget\" data-e-type=\"widget\" data-widget_type=\"heading.default\">\n\t\t\t\t\t<h3 class=\"elementor-heading-title elementor-size-default\">Eisverkauf<\/h3>\t\t\t\t<\/div>\n\t\t\t\t<div class=\"elementor-element elementor-element-321f832 elementor-widget elementor-widget-text-editor\" data-id=\"321f832\" data-element_type=\"widget\" data-e-type=\"widget\" data-widget_type=\"text-editor.default\">\n\t\t\t\t\t\t\t\t\t<p style=\"font-weight: 400;\">In Thybor\u00f8n verkaufen wir Flockeneis sowohl an Gewerbe als auch an Privatkunden.<\/p>\t\t\t\t\t\t\t\t<\/div>\n\t\t\t\t<div class=\"elementor-element elementor-element-2fb8140 elementor-view-default elementor-widget elementor-widget-icon\" data-id=\"2fb8140\" data-element_type=\"widget\" data-e-type=\"widget\" data-widget_type=\"icon.default\">\n\t\t\t\t\t\t\t<div class=\"elementor-icon-wrapper\">\n\t\t\t<div class=\"elementor-icon\">\n\t\t\t<svg aria-hidden=\"true\" class=\"e-font-icon-svg e-fas-arrow-right\" viewBox=\"0 0 448 512\" xmlns=\"http:\/\/www.w3.org\/2000\/svg\"><path d=\"M190.5 66.9l22.2-22.2c9.4-9.4 24.6-9.4 33.9 0L441 239c9.4 9.4 9.4 24.6 0 33.9L246.6 467.3c-9.4 9.4-24.6 9.4-33.9 0l-22.2-22.2c-9.5-9.5-9.3-25 .4-34.3L311.4 296H24c-13.3 0-24-10.7-24-24v-32c0-13.3 10.7-24 24-24h287.4L190.9 101.2c-9.8-9.3-10-24.8-.4-34.3z\"><\/path><\/svg>\t\t\t<\/div>\n\t\t<\/div>\n\t\t\t\t\t\t<\/div>\n\t\t\t\t<\/div>\n\t\t\t\t<\/a>\n\t\t\t\t<\/div>\n\t\t\t\t\t<\/div>\n\t\t\t\t<\/div>\n\t\t\t\t<\/div>\n\t\t","protected":false},"excerpt":{"rendered":"<p>Professionelle Stauerei-Dienstleistungen Wir \u00fcbernehmen das L\u00f6schen und Laden, Tiefk\u00fchlwaren, Fisch sowie Sonderaufgaben \u2013 flexibel und sicher. Sehen Sie, was wir k\u00f6nnen Offshore-Wind Mit den zunehmenden Offshore-Aktivit\u00e4ten sowohl in Thybor\u00f8n als auch in Hvide Sande haben wir in diesem Bereich umfassende Erfahrung aufgebaut, und heute k\u00f6nnen wir mit gut ausgebildetem und kompetentem Personal nahezu jede terminal- [&hellip;]<\/p>\n","protected":false},"author":2,"featured_media":0,"parent":0,"menu_order":0,"comment_status":"closed","ping_status":"closed","template":"","meta":{"footnotes":""},"class_list":["post-2018","page","type-page","status-publish","hentry"],"_links":{"self":[{"href":"https:\/\/stevedor.dk\/de\/wp-json\/wp\/v2\/pages\/2018","targetHints":{"allow":["GET"]}}],"collection":[{"href":"https:\/\/stevedor.dk\/de\/wp-json\/wp\/v2\/pages"}],"about":[{"href":"https:\/\/stevedor.dk\/de\/wp-json\/wp\/v2\/types\/page"}],"author":[{"embeddable":true,"href":"https:\/\/stevedor.dk\/de\/wp-json\/wp\/v2\/users\/2"}],"replies":[{"embeddable":true,"href":"https:\/\/stevedor.dk\/de\/wp-json\/wp\/v2\/comments?post=2018"}],"version-history":[{"count":5,"href":"https:\/\/stevedor.dk\/de\/wp-json\/wp\/v2\/pages\/2018\/revisions"}],"predecessor-version":[{"id":2282,"href":"https:\/\/stevedor.dk\/de\/wp-json\/wp\/v2\/pages\/2018\/revisions\/2282"}],"wp:attachment":[{"href":"https:\/\/stevedor.dk\/de\/wp-json\/wp\/v2\/media?parent=2018"}],"curies":[{"name":"wp","href":"https:\/\/api.w.org\/{rel}","templated":true}]}}