{"id":1981,"date":"2025-12-16T07:58:13","date_gmt":"2025-12-16T07:58:13","guid":{"rendered":"https:\/\/stevedor.dk\/datenschutzerklaerung\/"},"modified":"2026-04-28T10:47:45","modified_gmt":"2026-04-28T10:47:45","slug":"datenschutzerklaerung","status":"publish","type":"page","link":"https:\/\/stevedor.dk\/de\/datenschutzerklaerung\/","title":{"rendered":"Datenschutzerkl\u00e4rung"},"content":{"rendered":"\t\t<div data-elementor-type=\"wp-page\" data-elementor-id=\"1981\" class=\"elementor elementor-1981 elementor-3\" data-elementor-post-type=\"page\">\n\t\t\t\t<div class=\"elementor-element elementor-element-79cbbeae e-con-full e-flex e-con e-parent\" data-id=\"79cbbeae\" data-element_type=\"container\" data-e-type=\"container\" data-settings=\"{&quot;background_background&quot;:&quot;classic&quot;}\">\n\t\t\t\t<\/div>\n\t\t<div class=\"elementor-element elementor-element-757d7c93 e-flex e-con-boxed e-con e-parent\" data-id=\"757d7c93\" data-element_type=\"container\" data-e-type=\"container\">\n\t\t\t\t\t<div class=\"e-con-inner\">\n\t\t\t\t<div class=\"elementor-element elementor-element-960403b elementor-widget elementor-widget-heading\" data-id=\"960403b\" data-element_type=\"widget\" data-e-type=\"widget\" data-widget_type=\"heading.default\">\n\t\t\t\t\t<h1 class=\"elementor-heading-title elementor-size-default\">Datenschutzerkl\u00e4rung<\/h1>\t\t\t\t<\/div>\n\t\t\t\t<div class=\"elementor-element elementor-element-7e008057 elementor-widget elementor-widget-text-editor\" data-id=\"7e008057\" data-element_type=\"widget\" data-e-type=\"widget\" data-widget_type=\"text-editor.default\">\n\t\t\t\t\t\t\t\t\t<p data-start=\"125\" data-end=\"309\">Bei Thybor\u00f8n Stevedore A\/S nehmen wir den Schutz Ihrer personenbezogenen Daten ernst. Diese Datenschutzerkl\u00e4rung erl\u00e4utert, wie wir Informationen verarbeiten, wenn Sie unsere Website besuchen. <\/p><h2 data-section-id=\"pnd4xa\" data-start=\"311\" data-end=\"327\">Verantwortlicher<\/h2><p data-start=\"329\" data-end=\"389\">Verantwortlicher f\u00fcr die Verarbeitung personenbezogener Daten ist:<\/p><p data-start=\"391\" data-end=\"522\"><strong data-start=\"391\" data-end=\"417\">Thybor\u00f8n Stevedore A\/S<\/strong><br data-start=\"417\" data-end=\"420\">CVR-Nr.: 35810978<br data-start=\"437\" data-end=\"440\">Havnegade 15<br data-start=\"452\" data-end=\"455\">7680 Thybor\u00f8n<br data-start=\"468\" data-end=\"471\">Telefon: +45 96 90 88 08<br data-start=\"495\" data-end=\"498\">E-Mail: <a class=\"decorated-link cursor-pointer\" rel=\"noopener\" data-start=\"506\" data-end=\"522\">info@stevedor.dk<\/a><\/p><h2 data-section-id=\"1xzrd3r\" data-start=\"524\" data-end=\"559\">Welche Informationen erfassen wir?<\/h2><p data-start=\"561\" data-end=\"669\">Wir erheben keine personenbezogenen Daten \u00fcber Kontaktformulare, da es auf der Website keine Kontaktformulare gibt.<\/p><p data-start=\"671\" data-end=\"811\">Bei einem normalen Besuch der Website erheben wir grunds\u00e4tzlich keine personenbezogenen Daten f\u00fcr Statistik, Analyse, Marketing oder Tracking.<\/p><p data-start=\"813\" data-end=\"1063\">Es k\u00f6nnen jedoch technische Informationen verarbeitet werden, die erforderlich sind, damit die Website korrekt und sicher funktioniert. Dazu k\u00f6nnen z. B. technische Informationen geh\u00f6ren, die vom Hostinganbieter der Website im Rahmen des normalen Betriebs, der Sicherheit und der Fehlerbehebung verarbeitet werden. <\/p><h2 data-section-id=\"9xnhyq\" data-start=\"1065\" data-end=\"1075\">Cookies<\/h2><p data-start=\"1077\" data-end=\"1179\">Die Website verwendet ausschlie\u00dflich technisch notwendige Cookies, die erforderlich sind, damit die Website korrekt funktioniert.<\/p><p data-start=\"1181\" data-end=\"1389\">Wir verwenden keine Cookies f\u00fcr Statistik, Marketing, Tracking oder Profiling. Es werden auch keine Tools wie Google Analytics, Google Search Console, Meta Pixel oder \u00e4hnliche Werkzeuge eingesetzt, um Besucher zu verfolgen. <\/p><p data-start=\"1391\" data-end=\"1539\">Da die Website ausschlie\u00dflich technisch notwendige Cookies verwendet, ist keine Einwilligung f\u00fcr die Nutzung dieser Cookies erforderlich, und es wird daher kein Cookie-Popup angezeigt.<\/p><p data-start=\"1541\" data-end=\"1735\">Sie k\u00f6nnen Cookies jederzeit \u00fcber die Einstellungen Ihres Browsers l\u00f6schen oder blockieren. Bitte beachten Sie jedoch, dass die Website m\u00f6glicherweise nicht optimal funktioniert, wenn technisch notwendige Cookies blockiert werden. <\/p><h2 data-section-id=\"l9n9fj\" data-start=\"1737\" data-end=\"1765\">Speicherung von Informationen<\/h2><p data-start=\"1767\" data-end=\"1944\">Da wir keine personenbezogenen Daten \u00fcber Formulare, Statistiktools oder Trackingtools erheben, speichern wir grunds\u00e4tzlich keine personenbezogenen Daten \u00fcber Besucher der Website.<\/p><p data-start=\"1946\" data-end=\"2096\">Technische Betriebsdaten k\u00f6nnen jedoch vom Hostinganbieter der Website im Rahmen von Betrieb, Sicherheit und Fehlerbehebung vor\u00fcbergehend verarbeitet und gespeichert werden.<\/p><h2 data-section-id=\"1r3ub58\" data-start=\"2098\" data-end=\"2129\">Weitergabe von Informationen<\/h2><p data-start=\"2131\" data-end=\"2197\">Wir geben keine personenbezogenen Daten \u00fcber Besucher an Dritte weiter.<\/p><p data-start=\"2199\" data-end=\"2321\">Etwaige technische Informationen k\u00f6nnen von erforderlichen Auftragsverarbeitern im Zusammenhang mit dem Betrieb und Hosting der Website verarbeitet werden.<\/p><h2 data-section-id=\"kh722s\" data-start=\"2323\" data-end=\"2342\">Ihre Rechte<\/h2><p data-start=\"2344\" data-end=\"2402\">Sie haben gem\u00e4\u00df der Datenschutz-Grundverordnung das Recht auf:<\/p><ul data-start=\"2404\" data-end=\"2605\"><li data-section-id=\"usqpkv\" data-start=\"2404\" data-end=\"2449\">Auskunft dar\u00fcber, welche Informationen verarbeitet werden<\/li><li data-section-id=\"1nhb46m\" data-start=\"2450\" data-end=\"2485\">Berichtigung unrichtiger Informationen<\/li><li data-section-id=\"el7ntx\" data-start=\"2486\" data-end=\"2541\">L\u00f6schung von Informationen, soweit dies m\u00f6glich ist<\/li><li data-section-id=\"1jqfl22\" data-start=\"2542\" data-end=\"2577\">Widerspruch gegen die Verarbeitung<\/li><li data-section-id=\"ipn98\" data-start=\"2578\" data-end=\"2605\">Beschwerde bei der Datenschutzbeh\u00f6rde<\/li><\/ul><p data-start=\"2607\" data-end=\"2678\">Anfragen bez\u00fcglich personenbezogener Daten k\u00f6nnen gerichtet werden an: <strong data-start=\"2658\" data-end=\"2678\"><a class=\"decorated-link cursor-pointer\" rel=\"noopener\" data-start=\"2660\" data-end=\"2676\">info@stevedor.dk<\/a><\/strong><\/p><h2 data-section-id=\"1i87kip\" data-start=\"2680\" data-end=\"2715\">\u00c4nderungen der Datenschutzerkl\u00e4rung<\/h2><p data-start=\"2717\" data-end=\"2868\">Wir behalten uns das Recht vor, diese Datenschutzerkl\u00e4rung zu aktualisieren, wenn sich die Gesetzgebung oder unsere Verarbeitung personenbezogener Daten \u00e4ndert.<\/p>\t\t\t\t\t\t\t\t<\/div>\n\t\t\t\t\t<\/div>\n\t\t\t\t<\/div>\n\t\t\t\t<\/div>\n\t\t","protected":false},"excerpt":{"rendered":"<p>Datenschutzerkl\u00e4rung Bei Thybor\u00f8n Stevedore A\/S nehmen wir den Schutz Ihrer personenbezogenen Daten ernst. Diese Datenschutzerkl\u00e4rung erl\u00e4utert, wie wir Informationen verarbeiten, wenn Sie unsere Website besuchen. Verantwortlicher Verantwortlicher f\u00fcr die Verarbeitung personenbezogener Daten ist: Thybor\u00f8n Stevedore A\/SCVR-Nr.: 35810978Havnegade 157680 Thybor\u00f8nTelefon: +45 96 90 88 08E-Mail: info@stevedor.dk Welche Informationen erfassen wir? Wir erheben keine personenbezogenen Daten \u00fcber [&hellip;]<\/p>\n","protected":false},"author":2,"featured_media":0,"parent":0,"menu_order":0,"comment_status":"closed","ping_status":"open","template":"","meta":{"footnotes":""},"class_list":["post-1981","page","type-page","status-publish","hentry"],"_links":{"self":[{"href":"https:\/\/stevedor.dk\/de\/wp-json\/wp\/v2\/pages\/1981","targetHints":{"allow":["GET"]}}],"collection":[{"href":"https:\/\/stevedor.dk\/de\/wp-json\/wp\/v2\/pages"}],"about":[{"href":"https:\/\/stevedor.dk\/de\/wp-json\/wp\/v2\/types\/page"}],"author":[{"embeddable":true,"href":"https:\/\/stevedor.dk\/de\/wp-json\/wp\/v2\/users\/2"}],"replies":[{"embeddable":true,"href":"https:\/\/stevedor.dk\/de\/wp-json\/wp\/v2\/comments?post=1981"}],"version-history":[{"count":2,"href":"https:\/\/stevedor.dk\/de\/wp-json\/wp\/v2\/pages\/1981\/revisions"}],"predecessor-version":[{"id":2295,"href":"https:\/\/stevedor.dk\/de\/wp-json\/wp\/v2\/pages\/1981\/revisions\/2295"}],"wp:attachment":[{"href":"https:\/\/stevedor.dk\/de\/wp-json\/wp\/v2\/media?parent=1981"}],"curies":[{"name":"wp","href":"https:\/\/api.w.org\/{rel}","templated":true}]}}