{"id":1952,"date":"2025-12-22T08:23:47","date_gmt":"2025-12-22T08:23:47","guid":{"rendered":"https:\/\/stevedor.dk\/logistikloesungen\/"},"modified":"2026-03-27T13:09:49","modified_gmt":"2026-03-27T13:09:49","slug":"logistikloesungen","status":"publish","type":"page","link":"https:\/\/stevedor.dk\/de\/services\/logistikloesungen\/","title":{"rendered":"Logistikl\u00f6sungen"},"content":{"rendered":"\t\t<div data-elementor-type=\"wp-page\" data-elementor-id=\"1952\" class=\"elementor elementor-1952 elementor-528\" data-elementor-post-type=\"page\">\n\t\t\t\t<div class=\"elementor-element elementor-element-444cef3c e-con-full e-flex e-con e-parent\" data-id=\"444cef3c\" data-element_type=\"container\" data-e-type=\"container\" data-settings=\"{&quot;background_background&quot;:&quot;classic&quot;}\">\n\t\t<div class=\"elementor-element elementor-element-11708dc8 e-con-full hero-blue elementor-hidden-mobile e-flex e-con e-child\" data-id=\"11708dc8\" data-element_type=\"container\" data-e-type=\"container\" data-settings=\"{&quot;background_background&quot;:&quot;classic&quot;,&quot;position&quot;:&quot;absolute&quot;}\">\n\t\t\t\t<\/div>\n\t\t<div class=\"elementor-element elementor-element-48507963 e-con-full e-flex e-con e-child\" data-id=\"48507963\" data-element_type=\"container\" data-e-type=\"container\" data-settings=\"{&quot;background_background&quot;:&quot;classic&quot;}\">\n\t\t\t\t<div class=\"elementor-element elementor-element-16c106cb elementor-widget elementor-widget-heading\" data-id=\"16c106cb\" data-element_type=\"widget\" data-e-type=\"widget\" data-widget_type=\"heading.default\">\n\t\t\t\t\t<h1 class=\"elementor-heading-title elementor-size-default\">Logistikl\u00f6sungen<\/h1>\t\t\t\t<\/div>\n\t\t\t\t<div class=\"elementor-element elementor-element-7997baf4 elementor-widget elementor-widget-text-editor\" data-id=\"7997baf4\" data-element_type=\"widget\" data-e-type=\"widget\" data-widget_type=\"text-editor.default\">\n\t\t\t\t\t\t\t\t\t<p style=\"font-weight: 400;\">Wir haben uns auf L\u00f6sungen spezialisiert, bei denen palettierte Ware und Big Bags mit allem von Fischfutter bis hin zu Ziegelsteinen abgeholt, gelagert und an Bestimmungsorte in D\u00e4nemark, Norwegen und Gro\u00dfbritannien geliefert werden.<\/p>\t\t\t\t\t\t\t\t<\/div>\n\t\t\t\t<div class=\"elementor-element elementor-element-14e89796 elementor-mobile-align-justify elementor-widget elementor-widget-button\" data-id=\"14e89796\" data-element_type=\"widget\" data-e-type=\"widget\" data-widget_type=\"button.default\">\n\t\t\t\t\t\t\t\t\t\t<a class=\"elementor-button elementor-button-link elementor-size-sm\" href=\"https:\/\/stevedor.dk\/de\/kontakt\/\">\n\t\t\t\t\t\t<span class=\"elementor-button-content-wrapper\">\n\t\t\t\t\t\t\t\t\t<span class=\"elementor-button-text\">Kontaktieren Sie uns<\/span>\n\t\t\t\t\t<\/span>\n\t\t\t\t\t<\/a>\n\t\t\t\t\t\t\t\t<\/div>\n\t\t\t\t<\/div>\n\t\t\t\t<\/div>\n\t\t<div class=\"elementor-element elementor-element-753d3ecd e-flex e-con-boxed e-con e-parent\" data-id=\"753d3ecd\" data-element_type=\"container\" data-e-type=\"container\" data-settings=\"{&quot;background_background&quot;:&quot;classic&quot;}\">\n\t\t\t\t\t<div class=\"e-con-inner\">\n\t\t\t\t<div class=\"elementor-element elementor-element-5c6a8851 elementor-widget elementor-widget-heading\" data-id=\"5c6a8851\" data-element_type=\"widget\" data-e-type=\"widget\" data-widget_type=\"heading.default\">\n\t\t\t\t\t<h2 class=\"elementor-heading-title elementor-size-default\">Warum Thybor\u00f8n Stevedore<\/h2>\t\t\t\t<\/div>\n\t\t\t\t<div class=\"elementor-element elementor-element-1ea766a elementor-widget__width-initial elementor-widget elementor-widget-text-editor\" data-id=\"1ea766a\" data-element_type=\"widget\" data-e-type=\"widget\" data-widget_type=\"text-editor.default\">\n\t\t\t\t\t\t\t\t\t<p>Bei Thybor\u00f8n Stevedore verf\u00fcgen wir \u00fcber eine Reihe fester Kooperationspartner, die es uns erm\u00f6glichen, Waren in D\u00e4nemark, Norwegen und dem Vereinigten K\u00f6nigreich per Schiff oder Lkw abzuholen.<\/p><p>Die Waren werden zu unseren Lagern in Thybor\u00f8n oder Hvide Sande transportiert, wo sie unter vereinbarten Bedingungen gelagert werden, bis sie weiter versendet werden.<\/p><p>Als Teil der L\u00f6sung pr\u00fcfen wir Inhalt und Qualit\u00e4t bei der Annahme und erneut bei der Auslieferung. Gleichzeitig haben wir jederzeit den Lagerbestand im Blick. <\/p><p>Die L\u00f6sung umfasst h\u00e4ufig auch die Kommissionierung und Verpackung von Lieferungen f\u00fcr spezifische Kunden oder Destinationen.<\/p>\t\t\t\t\t\t\t\t<\/div>\n\t\t\t\t<div class=\"elementor-element elementor-element-a8b9b3f elementor-mobile-align-justify elementor-widget-mobile__width-inherit elementor-widget elementor-widget-button\" data-id=\"a8b9b3f\" data-element_type=\"widget\" data-e-type=\"widget\" data-widget_type=\"button.default\">\n\t\t\t\t\t\t\t\t\t\t<a class=\"elementor-button elementor-button-link elementor-size-sm\" href=\"#se-hvad-vi-kan\">\n\t\t\t\t\t\t<span class=\"elementor-button-content-wrapper\">\n\t\t\t\t\t\t\t\t\t<span class=\"elementor-button-text\">Sehen Sie, was wir k\u00f6nnen<\/span>\n\t\t\t\t\t<\/span>\n\t\t\t\t\t<\/a>\n\t\t\t\t\t\t\t\t<\/div>\n\t\t\t\t\t<\/div>\n\t\t\t\t<\/div>\n\t\t<div class=\"elementor-element elementor-element-719530cd e-flex e-con-boxed e-con e-parent\" data-id=\"719530cd\" data-element_type=\"container\" data-e-type=\"container\" id=\"se-hvad-vi-kan\">\n\t\t\t\t\t<div class=\"e-con-inner\">\n\t\t\t\t<div class=\"elementor-element elementor-element-2f1b48b1 elementor-widget__width-initial elementor-widget elementor-widget-heading\" data-id=\"2f1b48b1\" data-element_type=\"widget\" data-e-type=\"widget\" data-widget_type=\"heading.default\">\n\t\t\t\t\t<h2 class=\"elementor-heading-title elementor-size-default\">Lager- und Distributionsl\u00f6sungen<\/h2>\t\t\t\t<\/div>\n\t\t<div class=\"elementor-element elementor-element-3c6063e1 e-con-full e-flex e-con e-child\" data-id=\"3c6063e1\" data-element_type=\"container\" data-e-type=\"container\">\n\t\t<div class=\"elementor-element elementor-element-673877a9 e-con-full e-flex e-con e-child\" data-id=\"673877a9\" data-element_type=\"container\" data-e-type=\"container\">\n\t\t\t\t<div class=\"elementor-element elementor-element-3ecfaf08 elementor-widget elementor-widget-image\" data-id=\"3ecfaf08\" data-element_type=\"widget\" data-e-type=\"widget\" data-widget_type=\"image.default\">\n\t\t\t\t\t\t\t\t\t\t\t\t\t\t\t<img fetchpriority=\"high\" decoding=\"async\" width=\"1080\" height=\"1080\" src=\"https:\/\/stevedor.dk\/wp-content\/uploads\/registrering-og-batchstyring.webp\" class=\"attachment-full size-full wp-image-1960\" alt=\"\" srcset=\"https:\/\/stevedor.dk\/wp-content\/uploads\/registrering-og-batchstyring.webp 1080w, https:\/\/stevedor.dk\/wp-content\/uploads\/registrering-og-batchstyring-300x300.webp 300w, https:\/\/stevedor.dk\/wp-content\/uploads\/registrering-og-batchstyring-1024x1024.webp 1024w, https:\/\/stevedor.dk\/wp-content\/uploads\/registrering-og-batchstyring-150x150.webp 150w, https:\/\/stevedor.dk\/wp-content\/uploads\/registrering-og-batchstyring-768x768.webp 768w\" sizes=\"(max-width: 1080px) 100vw, 1080px\" \/>\t\t\t\t\t\t\t\t\t\t\t\t\t\t\t<\/div>\n\t\t\t\t<\/div>\n\t\t<div class=\"elementor-element elementor-element-5c5ff754 e-con-full e-flex e-con e-child\" data-id=\"5c5ff754\" data-element_type=\"container\" data-e-type=\"container\">\n\t\t\t\t<div class=\"elementor-element elementor-element-4a97a9fd elementor-widget elementor-widget-heading\" data-id=\"4a97a9fd\" data-element_type=\"widget\" data-e-type=\"widget\" data-widget_type=\"heading.default\">\n\t\t\t\t\t<h3 class=\"elementor-heading-title elementor-size-default\">Registrierung und Chargenverwaltung<\/h3>\t\t\t\t<\/div>\n\t\t\t\t<div class=\"elementor-element elementor-element-279266cb elementor-widget elementor-widget-text-editor\" data-id=\"279266cb\" data-element_type=\"widget\" data-e-type=\"widget\" data-widget_type=\"text-editor.default\">\n\t\t\t\t\t\t\t\t\t<p>F\u00fcr unseren Kunden Polar Seafood nehmen wir Paletten mit tiefgefrorenem Speisefisch an, der typischerweise im Nordatlantik gefangen wird und weltweit verteilt werden soll.<\/p><p>Bei der Annahme erfassen wir Mengen und Chargennummern und kennzeichnen die Paletten zugleich mit einer eindeutigen Identifikation.<\/p><p>Der Fisch wird anschlie\u00dfend ins Tiefk\u00fchllager gebracht, wo er gelagert wird, bis er abgerufen wird.<\/p><p>T\u00e4glich wird Fisch abgerufen und f\u00fcr die einzelnen Lkw-Ladungen zusammengestellt. Dabei werden Temperatur, Kennzeichnung und Verpackung des Produkts kontrolliert. <\/p><p>Beim Verladen werden Daten zum Transporteur, Lkw und Container erfasst; anschlie\u00dfend wird der Lkw verplombt.<\/p><p>Alle Daten werden anschlie\u00dfend an den Kunden \u00fcbermittelt, der die Exportpapiere usw. erstellt.<\/p>\t\t\t\t\t\t\t\t<\/div>\n\t\t\t\t<\/div>\n\t\t\t\t<\/div>\n\t\t<div class=\"elementor-element elementor-element-63ecedcd e-con-full e-flex e-con e-child\" data-id=\"63ecedcd\" data-element_type=\"container\" data-e-type=\"container\">\n\t\t<div class=\"elementor-element elementor-element-6cfd24e e-con-full e-flex e-con e-child\" data-id=\"6cfd24e\" data-element_type=\"container\" data-e-type=\"container\">\n\t\t\t\t<div class=\"elementor-element elementor-element-7686d263 elementor-widget elementor-widget-heading\" data-id=\"7686d263\" data-element_type=\"widget\" data-e-type=\"widget\" data-widget_type=\"heading.default\">\n\t\t\t\t\t<h3 class=\"elementor-heading-title elementor-size-default\">Effiziente Baulogistik von D\u00e4nemark nach Norwegen<\/h3>\t\t\t\t<\/div>\n\t\t\t\t<div class=\"elementor-element elementor-element-c1f66fe elementor-widget elementor-widget-text-editor\" data-id=\"c1f66fe\" data-element_type=\"widget\" data-e-type=\"widget\" data-widget_type=\"text-editor.default\">\n\t\t\t\t\t\t\t\t\t<p>F\u00fcr unseren Kunden BMC A\/S \u00fcbernehmen wir die Lieferung verschiedener Baumaterialien nach Norwegen. Die Materialien werden in ganz D\u00e4nemark per Lkw abgeholt und nach Thybor\u00f8n gebracht, wo sie erfasst und eingelagert werden.<\/p><p>Anschlie\u00dfend werden die Produkte nach Norwegen verschifft, wo wir sie vor jedem Schiffsanlauf f\u00fcr die jeweiligen Anlaufdestinationen bereitstellen.<\/p>\t\t\t\t\t\t\t\t<\/div>\n\t\t\t\t<\/div>\n\t\t<div class=\"elementor-element elementor-element-76aad31d e-con-full e-flex e-con e-child\" data-id=\"76aad31d\" data-element_type=\"container\" data-e-type=\"container\">\n\t\t\t\t<div class=\"elementor-element elementor-element-7d2da7c6 elementor-widget elementor-widget-image\" data-id=\"7d2da7c6\" data-element_type=\"widget\" data-e-type=\"widget\" data-widget_type=\"image.default\">\n\t\t\t\t\t\t\t\t\t\t\t\t\t\t\t<img decoding=\"async\" width=\"1080\" height=\"1080\" src=\"https:\/\/stevedor.dk\/wp-content\/uploads\/effektiv-byggelogistik-fra-dk-til-norge.webp\" class=\"attachment-full size-full wp-image-1959\" alt=\"\" srcset=\"https:\/\/stevedor.dk\/wp-content\/uploads\/effektiv-byggelogistik-fra-dk-til-norge.webp 1080w, https:\/\/stevedor.dk\/wp-content\/uploads\/effektiv-byggelogistik-fra-dk-til-norge-300x300.webp 300w, https:\/\/stevedor.dk\/wp-content\/uploads\/effektiv-byggelogistik-fra-dk-til-norge-1024x1024.webp 1024w, https:\/\/stevedor.dk\/wp-content\/uploads\/effektiv-byggelogistik-fra-dk-til-norge-150x150.webp 150w, https:\/\/stevedor.dk\/wp-content\/uploads\/effektiv-byggelogistik-fra-dk-til-norge-768x768.webp 768w\" sizes=\"(max-width: 1080px) 100vw, 1080px\" \/>\t\t\t\t\t\t\t\t\t\t\t\t\t\t\t<\/div>\n\t\t\t\t<\/div>\n\t\t\t\t<\/div>\n\t\t\t\t\t<\/div>\n\t\t\t\t<\/div>\n\t\t\t\t<\/div>\n\t\t","protected":false},"excerpt":{"rendered":"<p>Logistikl\u00f6sungen Wir haben uns auf L\u00f6sungen spezialisiert, bei denen palettierte Ware und Big Bags mit allem von Fischfutter bis hin zu Ziegelsteinen abgeholt, gelagert und an Bestimmungsorte in D\u00e4nemark, Norwegen und Gro\u00dfbritannien geliefert werden. Kontaktieren Sie uns Warum Thybor\u00f8n Stevedore Bei Thybor\u00f8n Stevedore verf\u00fcgen wir \u00fcber eine Reihe fester Kooperationspartner, die es uns erm\u00f6glichen, Waren [&hellip;]<\/p>\n","protected":false},"author":2,"featured_media":0,"parent":2018,"menu_order":0,"comment_status":"closed","ping_status":"closed","template":"","meta":{"footnotes":""},"class_list":["post-1952","page","type-page","status-publish","hentry"],"_links":{"self":[{"href":"https:\/\/stevedor.dk\/de\/wp-json\/wp\/v2\/pages\/1952","targetHints":{"allow":["GET"]}}],"collection":[{"href":"https:\/\/stevedor.dk\/de\/wp-json\/wp\/v2\/pages"}],"about":[{"href":"https:\/\/stevedor.dk\/de\/wp-json\/wp\/v2\/types\/page"}],"author":[{"embeddable":true,"href":"https:\/\/stevedor.dk\/de\/wp-json\/wp\/v2\/users\/2"}],"replies":[{"embeddable":true,"href":"https:\/\/stevedor.dk\/de\/wp-json\/wp\/v2\/comments?post=1952"}],"version-history":[{"count":3,"href":"https:\/\/stevedor.dk\/de\/wp-json\/wp\/v2\/pages\/1952\/revisions"}],"predecessor-version":[{"id":2236,"href":"https:\/\/stevedor.dk\/de\/wp-json\/wp\/v2\/pages\/1952\/revisions\/2236"}],"up":[{"embeddable":true,"href":"https:\/\/stevedor.dk\/de\/wp-json\/wp\/v2\/pages\/2018"}],"wp:attachment":[{"href":"https:\/\/stevedor.dk\/de\/wp-json\/wp\/v2\/media?parent=1952"}],"curies":[{"name":"wp","href":"https:\/\/api.w.org\/{rel}","templated":true}]}}