{"id":1939,"date":"2025-12-22T09:25:05","date_gmt":"2025-12-22T09:25:05","guid":{"rendered":"https:\/\/stevedor.dk\/stueckguthandling\/"},"modified":"2026-03-27T13:09:50","modified_gmt":"2026-03-27T13:09:50","slug":"stueckguthandling","status":"publish","type":"page","link":"https:\/\/stevedor.dk\/de\/services\/stueckguthandling\/","title":{"rendered":"St\u00fcckguthandling"},"content":{"rendered":"\t\t<div data-elementor-type=\"wp-page\" data-elementor-id=\"1939\" class=\"elementor elementor-1939 elementor-655\" data-elementor-post-type=\"page\">\n\t\t\t\t<div class=\"elementor-element elementor-element-67a23633 e-con-full e-flex e-con e-parent\" data-id=\"67a23633\" data-element_type=\"container\" data-e-type=\"container\" data-settings=\"{&quot;background_background&quot;:&quot;classic&quot;}\">\n\t\t<div class=\"elementor-element elementor-element-150ee6ba e-con-full hero-blue elementor-hidden-mobile e-flex e-con e-child\" data-id=\"150ee6ba\" data-element_type=\"container\" data-e-type=\"container\" data-settings=\"{&quot;background_background&quot;:&quot;classic&quot;,&quot;position&quot;:&quot;absolute&quot;}\">\n\t\t\t\t<\/div>\n\t\t<div class=\"elementor-element elementor-element-133a3e4e e-con-full e-flex e-con e-child\" data-id=\"133a3e4e\" data-element_type=\"container\" data-e-type=\"container\" data-settings=\"{&quot;background_background&quot;:&quot;classic&quot;}\">\n\t\t\t\t<div class=\"elementor-element elementor-element-2cd556af elementor-widget elementor-widget-heading\" data-id=\"2cd556af\" data-element_type=\"widget\" data-e-type=\"widget\" data-widget_type=\"heading.default\">\n\t\t\t\t\t<h1 class=\"elementor-heading-title elementor-size-default\">St\u00fcckguthandling<\/h1>\t\t\t\t<\/div>\n\t\t\t\t<div class=\"elementor-element elementor-element-433f3a57 elementor-widget elementor-widget-text-editor\" data-id=\"433f3a57\" data-element_type=\"widget\" data-e-type=\"widget\" data-widget_type=\"text-editor.default\">\n\t\t\t\t\t\t\t\t\t<p style=\"font-weight: 400;\">Wir handhaben St\u00fcckgut bis zu 60 Tonnen \u2013 von Maschinen, Stahlkomponenten und Bauteilen bis hin zu Transformatoren und Windkraftanlagenkomponenten.<\/p>\t\t\t\t\t\t\t\t<\/div>\n\t\t\t\t<div class=\"elementor-element elementor-element-7d7cd565 elementor-mobile-align-justify elementor-widget elementor-widget-button\" data-id=\"7d7cd565\" data-element_type=\"widget\" data-e-type=\"widget\" data-widget_type=\"button.default\">\n\t\t\t\t\t\t\t\t\t\t<a class=\"elementor-button elementor-button-link elementor-size-sm\" href=\"https:\/\/stevedor.dk\/de\/kontakt\/\">\n\t\t\t\t\t\t<span class=\"elementor-button-content-wrapper\">\n\t\t\t\t\t\t\t\t\t<span class=\"elementor-button-text\">Kontaktieren Sie uns<\/span>\n\t\t\t\t\t<\/span>\n\t\t\t\t\t<\/a>\n\t\t\t\t\t\t\t\t<\/div>\n\t\t\t\t<\/div>\n\t\t\t\t<\/div>\n\t\t<div class=\"elementor-element elementor-element-1acea9d2 e-flex e-con-boxed e-con e-parent\" data-id=\"1acea9d2\" data-element_type=\"container\" data-e-type=\"container\" data-settings=\"{&quot;background_background&quot;:&quot;classic&quot;}\">\n\t\t\t\t\t<div class=\"e-con-inner\">\n\t\t\t\t<div class=\"elementor-element elementor-element-21fe9322 elementor-widget elementor-widget-heading\" data-id=\"21fe9322\" data-element_type=\"widget\" data-e-type=\"widget\" data-widget_type=\"heading.default\">\n\t\t\t\t\t<h2 class=\"elementor-heading-title elementor-size-default\">Warum Thybor\u00f8n Stevedore<\/h2>\t\t\t\t<\/div>\n\t\t\t\t<div class=\"elementor-element elementor-element-82e20c2 elementor-widget__width-initial elementor-widget elementor-widget-text-editor\" data-id=\"82e20c2\" data-element_type=\"widget\" data-e-type=\"widget\" data-widget_type=\"text-editor.default\">\n\t\t\t\t\t\t\t\t\t<p>Thybor\u00f8n Stevedore verf\u00fcgt \u00fcber langj\u00e4hrige Erfahrung im Handling von allem \u2013 von Schraubenwellen bis hin zu schweren Maschinenkomponenten. Insbesondere in Thybor\u00f8n verf\u00fcgen wir \u00fcber gro\u00dfe Gabelstapler, Krane mit einer Kapazit\u00e4t von bis zu 120 Tonnenmetern sowie Blockwagen f\u00fcr Fahrten auf dem Hafengel\u00e4nde. <\/p><p>In Zusammenarbeit mit anderen Hafenbetreibern haben wir Komponenten mit einem Gewicht von bis zu 400 Tonnen umgeschlagen.<\/p>\t\t\t\t\t\t\t\t<\/div>\n\t\t\t\t<div class=\"elementor-element elementor-element-45e48d78 elementor-mobile-align-justify elementor-widget-mobile__width-inherit elementor-widget elementor-widget-button\" data-id=\"45e48d78\" data-element_type=\"widget\" data-e-type=\"widget\" data-widget_type=\"button.default\">\n\t\t\t\t\t\t\t\t\t\t<a class=\"elementor-button elementor-button-link elementor-size-sm\" href=\"#se-hvad-vi-kan\">\n\t\t\t\t\t\t<span class=\"elementor-button-content-wrapper\">\n\t\t\t\t\t\t\t\t\t<span class=\"elementor-button-text\">Sehen Sie, was wir k\u00f6nnen<\/span>\n\t\t\t\t\t<\/span>\n\t\t\t\t\t<\/a>\n\t\t\t\t\t\t\t\t<\/div>\n\t\t\t\t\t<\/div>\n\t\t\t\t<\/div>\n\t\t<div class=\"elementor-element elementor-element-5e45f164 e-flex e-con-boxed e-con e-parent\" data-id=\"5e45f164\" data-element_type=\"container\" data-e-type=\"container\" id=\"se-hvad-vi-kan\">\n\t\t\t\t\t<div class=\"e-con-inner\">\n\t\t\t\t<div class=\"elementor-element elementor-element-166e973b elementor-widget__width-initial elementor-widget elementor-widget-heading\" data-id=\"166e973b\" data-element_type=\"widget\" data-e-type=\"widget\" data-widget_type=\"heading.default\">\n\t\t\t\t\t<h2 class=\"elementor-heading-title elementor-size-default\">Handhabung von Spezialg\u00fctern und Projektladung<\/h2>\t\t\t\t<\/div>\n\t\t<div class=\"elementor-element elementor-element-529dd92d e-con-full e-flex e-con e-child\" data-id=\"529dd92d\" data-element_type=\"container\" data-e-type=\"container\">\n\t\t<div class=\"elementor-element elementor-element-25572d84 e-con-full e-flex e-con e-child\" data-id=\"25572d84\" data-element_type=\"container\" data-e-type=\"container\">\n\t\t\t\t<div class=\"elementor-element elementor-element-192ed801 elementor-widget elementor-widget-image\" data-id=\"192ed801\" data-element_type=\"widget\" data-e-type=\"widget\" data-widget_type=\"image.default\">\n\t\t\t\t\t\t\t\t\t\t\t\t\t\t\t<img fetchpriority=\"high\" decoding=\"async\" width=\"1920\" height=\"1080\" src=\"https:\/\/stevedor.dk\/wp-content\/uploads\/haandtering-af-foelsomt-og-komplekst-udstyr.webp\" class=\"attachment-full size-full wp-image-1943\" alt=\"\" srcset=\"https:\/\/stevedor.dk\/wp-content\/uploads\/haandtering-af-foelsomt-og-komplekst-udstyr.webp 1920w, https:\/\/stevedor.dk\/wp-content\/uploads\/haandtering-af-foelsomt-og-komplekst-udstyr-300x169.webp 300w, https:\/\/stevedor.dk\/wp-content\/uploads\/haandtering-af-foelsomt-og-komplekst-udstyr-1024x576.webp 1024w, https:\/\/stevedor.dk\/wp-content\/uploads\/haandtering-af-foelsomt-og-komplekst-udstyr-768x432.webp 768w, https:\/\/stevedor.dk\/wp-content\/uploads\/haandtering-af-foelsomt-og-komplekst-udstyr-1536x864.webp 1536w\" sizes=\"(max-width: 1920px) 100vw, 1920px\" \/>\t\t\t\t\t\t\t\t\t\t\t\t\t\t\t<\/div>\n\t\t\t\t<\/div>\n\t\t<div class=\"elementor-element elementor-element-7ee8e631 e-con-full e-flex e-con e-child\" data-id=\"7ee8e631\" data-element_type=\"container\" data-e-type=\"container\">\n\t\t\t\t<div class=\"elementor-element elementor-element-107cf77f elementor-widget elementor-widget-heading\" data-id=\"107cf77f\" data-element_type=\"widget\" data-e-type=\"widget\" data-widget_type=\"heading.default\">\n\t\t\t\t\t<h3 class=\"elementor-heading-title elementor-size-default\">Handhabung von Spezialg\u00fctern und Projektladung<\/h3>\t\t\t\t<\/div>\n\t\t\t\t<div class=\"elementor-element elementor-element-33d8031f elementor-widget elementor-widget-text-editor\" data-id=\"33d8031f\" data-element_type=\"widget\" data-e-type=\"widget\" data-widget_type=\"text-editor.default\">\n\t\t\t\t\t\t\t\t\t<p>Fortlaufend werden Wetterdaten aus den Bereichen der Nordsee erhoben, die f\u00fcr k\u00fcnftige Windparks ausgewiesen sind. Zu diesem Zweck werden gro\u00dfe, komplexe Bojen entwickelt, die mit Sensoren ausgestattet sind und alles von der Temperatur bis zur Wellenh\u00f6he messen k\u00f6nnen. <\/p><p>Thybor\u00f8n Stevedore verf\u00fcgt \u00fcber umfangreiche Erfahrung in der Annahme und Handhabung dieser oft empfindlichen Bojen.<\/p>\t\t\t\t\t\t\t\t<\/div>\n\t\t\t\t<\/div>\n\t\t\t\t<\/div>\n\t\t<div class=\"elementor-element elementor-element-3f207ce1 e-con-full e-flex e-con e-child\" data-id=\"3f207ce1\" data-element_type=\"container\" data-e-type=\"container\">\n\t\t<div class=\"elementor-element elementor-element-3d28eb22 e-con-full e-flex e-con e-child\" data-id=\"3d28eb22\" data-element_type=\"container\" data-e-type=\"container\">\n\t\t\t\t<div class=\"elementor-element elementor-element-19e75e25 elementor-widget elementor-widget-heading\" data-id=\"19e75e25\" data-element_type=\"widget\" data-e-type=\"widget\" data-widget_type=\"heading.default\">\n\t\t\t\t\t<h3 class=\"elementor-heading-title elementor-size-default\">Sichere Logistik f\u00fcr gro\u00dfe Transformatoreinheiten<\/h3>\t\t\t\t<\/div>\n\t\t\t\t<div class=\"elementor-element elementor-element-56377221 elementor-widget elementor-widget-text-editor\" data-id=\"56377221\" data-element_type=\"widget\" data-e-type=\"widget\" data-widget_type=\"text-editor.default\">\n\t\t\t\t\t\t\t\t\t<p>Energinet errichtet derzeit mehrere Umspannstationen entlang der j\u00fctl\u00e4ndischen Westk\u00fcste. Die Stationen sollen bereitstehen, um gro\u00dfe Mengen elektrischer Energie aus den Offshore-Windparks der Zukunft in der Nordsee aufzunehmen. <\/p><p>In mehreren F\u00e4llen haben wir in Thybor\u00f8n Schiffe abgefertigt, die gro\u00dfe Transformatoreinheiten transportieren. Es handelt sich um Einheiten mit einem Gewicht von bis zu 160 Tonnen, die mit gr\u00f6\u00dfter Sorgfalt vom Schiff gehoben und direkt auf einen Blockwagen gesetzt werden. <\/p><p>Zusammen mit den Transformatoren trifft eine Anzahl von Kisten mit Komponenten und Ersatzteilen ein, die wir h\u00e4ufig lagern und entsprechend dem Bedarf des Kunden ausgeben.<\/p>\t\t\t\t\t\t\t\t<\/div>\n\t\t\t\t<\/div>\n\t\t<div class=\"elementor-element elementor-element-30824078 e-con-full e-flex e-con e-child\" data-id=\"30824078\" data-element_type=\"container\" data-e-type=\"container\">\n\t\t\t\t<div class=\"elementor-element elementor-element-6dbe75a8 elementor-widget elementor-widget-image\" data-id=\"6dbe75a8\" data-element_type=\"widget\" data-e-type=\"widget\" data-widget_type=\"image.default\">\n\t\t\t\t\t\t\t\t\t\t\t\t\t\t\t<img decoding=\"async\" width=\"1080\" height=\"1080\" src=\"https:\/\/stevedor.dk\/wp-content\/uploads\/tryg-logitstik-for-store-transformerenheder.webp\" class=\"attachment-full size-full wp-image-1944\" alt=\"\" srcset=\"https:\/\/stevedor.dk\/wp-content\/uploads\/tryg-logitstik-for-store-transformerenheder.webp 1080w, https:\/\/stevedor.dk\/wp-content\/uploads\/tryg-logitstik-for-store-transformerenheder-300x300.webp 300w, https:\/\/stevedor.dk\/wp-content\/uploads\/tryg-logitstik-for-store-transformerenheder-1024x1024.webp 1024w, https:\/\/stevedor.dk\/wp-content\/uploads\/tryg-logitstik-for-store-transformerenheder-150x150.webp 150w, https:\/\/stevedor.dk\/wp-content\/uploads\/tryg-logitstik-for-store-transformerenheder-768x768.webp 768w\" sizes=\"(max-width: 1080px) 100vw, 1080px\" \/>\t\t\t\t\t\t\t\t\t\t\t\t\t\t\t<\/div>\n\t\t\t\t<\/div>\n\t\t\t\t<\/div>\n\t\t\t\t\t<\/div>\n\t\t\t\t<\/div>\n\t\t\t\t<\/div>\n\t\t","protected":false},"excerpt":{"rendered":"<p>St\u00fcckguthandling Wir handhaben St\u00fcckgut bis zu 60 Tonnen \u2013 von Maschinen, Stahlkomponenten und Bauteilen bis hin zu Transformatoren und Windkraftanlagenkomponenten. Kontaktieren Sie uns Warum Thybor\u00f8n Stevedore Thybor\u00f8n Stevedore verf\u00fcgt \u00fcber langj\u00e4hrige Erfahrung im Handling von allem \u2013 von Schraubenwellen bis hin zu schweren Maschinenkomponenten. Insbesondere in Thybor\u00f8n verf\u00fcgen wir \u00fcber gro\u00dfe Gabelstapler, Krane mit einer [&hellip;]<\/p>\n","protected":false},"author":2,"featured_media":0,"parent":2018,"menu_order":0,"comment_status":"closed","ping_status":"closed","template":"","meta":{"footnotes":""},"class_list":["post-1939","page","type-page","status-publish","hentry"],"_links":{"self":[{"href":"https:\/\/stevedor.dk\/de\/wp-json\/wp\/v2\/pages\/1939","targetHints":{"allow":["GET"]}}],"collection":[{"href":"https:\/\/stevedor.dk\/de\/wp-json\/wp\/v2\/pages"}],"about":[{"href":"https:\/\/stevedor.dk\/de\/wp-json\/wp\/v2\/types\/page"}],"author":[{"embeddable":true,"href":"https:\/\/stevedor.dk\/de\/wp-json\/wp\/v2\/users\/2"}],"replies":[{"embeddable":true,"href":"https:\/\/stevedor.dk\/de\/wp-json\/wp\/v2\/comments?post=1939"}],"version-history":[{"count":2,"href":"https:\/\/stevedor.dk\/de\/wp-json\/wp\/v2\/pages\/1939\/revisions"}],"predecessor-version":[{"id":2243,"href":"https:\/\/stevedor.dk\/de\/wp-json\/wp\/v2\/pages\/1939\/revisions\/2243"}],"up":[{"embeddable":true,"href":"https:\/\/stevedor.dk\/de\/wp-json\/wp\/v2\/pages\/2018"}],"wp:attachment":[{"href":"https:\/\/stevedor.dk\/de\/wp-json\/wp\/v2\/media?parent=1939"}],"curies":[{"name":"wp","href":"https:\/\/api.w.org\/{rel}","templated":true}]}}