{"id":1921,"date":"2025-12-22T10:15:21","date_gmt":"2025-12-22T10:15:21","guid":{"rendered":"https:\/\/stevedor.dk\/offshore-wind\/"},"modified":"2026-04-28T06:43:45","modified_gmt":"2026-04-28T06:43:45","slug":"offshore-wind","status":"publish","type":"page","link":"https:\/\/stevedor.dk\/de\/services\/offshore-wind\/","title":{"rendered":"Offshore-Wind"},"content":{"rendered":"\t\t<div data-elementor-type=\"wp-page\" data-elementor-id=\"1921\" class=\"elementor elementor-1921 elementor-730\" data-elementor-post-type=\"page\">\n\t\t\t\t<div class=\"elementor-element elementor-element-6b91cd23 e-con-full e-flex e-con e-parent\" data-id=\"6b91cd23\" data-element_type=\"container\" data-e-type=\"container\" data-settings=\"{&quot;background_background&quot;:&quot;classic&quot;}\">\n\t\t<div class=\"elementor-element elementor-element-76a1df90 e-con-full hero-blue elementor-hidden-mobile e-flex e-con e-child\" data-id=\"76a1df90\" data-element_type=\"container\" data-e-type=\"container\" data-settings=\"{&quot;background_background&quot;:&quot;classic&quot;,&quot;position&quot;:&quot;absolute&quot;}\">\n\t\t\t\t<\/div>\n\t\t<div class=\"elementor-element elementor-element-41520e7d e-con-full e-flex e-con e-child\" data-id=\"41520e7d\" data-element_type=\"container\" data-e-type=\"container\" data-settings=\"{&quot;background_background&quot;:&quot;classic&quot;}\">\n\t\t\t\t<div class=\"elementor-element elementor-element-15d18b93 elementor-widget elementor-widget-heading\" data-id=\"15d18b93\" data-element_type=\"widget\" data-e-type=\"widget\" data-widget_type=\"heading.default\">\n\t\t\t\t\t<h1 class=\"elementor-heading-title elementor-size-default\">Offshore-Wind<\/h1>\t\t\t\t<\/div>\n\t\t\t\t<div class=\"elementor-element elementor-element-92fffee elementor-widget elementor-widget-text-editor\" data-id=\"92fffee\" data-element_type=\"widget\" data-e-type=\"widget\" data-widget_type=\"text-editor.default\">\n\t\t\t\t\t\t\t\t\t<p style=\"font-weight: 400;\">Mit den zunehmenden Offshore-Aktivit\u00e4ten sowohl in Thybor\u00f8n als auch in Hvide Sande haben wir in diesem Bereich umfassende Erfahrung aufgebaut, und heute k\u00f6nnen wir mit gut ausgebildetem und kompetentem Personal nahezu jede terminal- oder hafenbezogene Aufgabe \u00fcbernehmen.<\/p>\t\t\t\t\t\t\t\t<\/div>\n\t\t\t\t<div class=\"elementor-element elementor-element-10ce5142 elementor-mobile-align-justify elementor-widget elementor-widget-button\" data-id=\"10ce5142\" data-element_type=\"widget\" data-e-type=\"widget\" data-widget_type=\"button.default\">\n\t\t\t\t\t\t\t\t\t\t<a class=\"elementor-button elementor-button-link elementor-size-sm\" href=\"https:\/\/stevedor.dk\/de\/kontakt\/\">\n\t\t\t\t\t\t<span class=\"elementor-button-content-wrapper\">\n\t\t\t\t\t\t\t\t\t<span class=\"elementor-button-text\">Kontaktieren Sie uns<\/span>\n\t\t\t\t\t<\/span>\n\t\t\t\t\t<\/a>\n\t\t\t\t\t\t\t\t<\/div>\n\t\t\t\t<\/div>\n\t\t\t\t<\/div>\n\t\t<div class=\"elementor-element elementor-element-74fd0a70 e-flex e-con-boxed e-con e-parent\" data-id=\"74fd0a70\" data-element_type=\"container\" data-e-type=\"container\" data-settings=\"{&quot;background_background&quot;:&quot;classic&quot;}\">\n\t\t\t\t\t<div class=\"e-con-inner\">\n\t\t\t\t<div class=\"elementor-element elementor-element-148cd187 elementor-widget elementor-widget-heading\" data-id=\"148cd187\" data-element_type=\"widget\" data-e-type=\"widget\" data-widget_type=\"heading.default\">\n\t\t\t\t\t<h2 class=\"elementor-heading-title elementor-size-default\">Warum Thybor\u00f8n Stevedore<\/h2>\t\t\t\t<\/div>\n\t\t\t\t<div class=\"elementor-element elementor-element-3ab20344 elementor-widget__width-initial elementor-widget elementor-widget-text-editor\" data-id=\"3ab20344\" data-element_type=\"widget\" data-e-type=\"widget\" data-widget_type=\"text-editor.default\">\n\t\t\t\t\t\t\t\t\t<p data-start=\"544\" data-end=\"837\">In den vergangenen Jahren haben wir solide Erfahrung in der Handhabung von Windkraftanlagen- und Fundamentkomponenten aufgebaut. Gleichzeitig haben wir uns ein umfassendes Verst\u00e4ndnis der Anforderungen und Methoden der Branche angeeignet und unser Personal geschult, um den versch\u00e4rften Anforderungen an Sicherheit und Methodenwahl gerecht zu werden. <\/p>\t\t\t\t\t\t\t\t<\/div>\n\t\t\t\t<div class=\"elementor-element elementor-element-420e8710 elementor-mobile-align-justify elementor-widget-mobile__width-inherit elementor-widget elementor-widget-button\" data-id=\"420e8710\" data-element_type=\"widget\" data-e-type=\"widget\" data-widget_type=\"button.default\">\n\t\t\t\t\t\t\t\t\t\t<a class=\"elementor-button elementor-button-link elementor-size-sm\" href=\"#se-hvad-vi-kan\">\n\t\t\t\t\t\t<span class=\"elementor-button-content-wrapper\">\n\t\t\t\t\t\t\t\t\t<span class=\"elementor-button-text\">Sehen Sie, was wir k\u00f6nnen<\/span>\n\t\t\t\t\t<\/span>\n\t\t\t\t\t<\/a>\n\t\t\t\t\t\t\t\t<\/div>\n\t\t\t\t\t<\/div>\n\t\t\t\t<\/div>\n\t\t<div class=\"elementor-element elementor-element-5e42275e e-flex e-con-boxed e-con e-parent\" data-id=\"5e42275e\" data-element_type=\"container\" data-e-type=\"container\" id=\"se-hvad-vi-kan\">\n\t\t\t\t\t<div class=\"e-con-inner\">\n\t\t\t\t<div class=\"elementor-element elementor-element-11d913c9 elementor-widget__width-initial elementor-widget elementor-widget-heading\" data-id=\"11d913c9\" data-element_type=\"widget\" data-e-type=\"widget\" data-widget_type=\"heading.default\">\n\t\t\t\t\t<h2 class=\"elementor-heading-title elementor-size-default\">Offshore-Projekte und Terminalbetrieb<\/h2>\t\t\t\t<\/div>\n\t\t<div class=\"elementor-element elementor-element-7e268198 e-con-full e-flex e-con e-child\" data-id=\"7e268198\" data-element_type=\"container\" data-e-type=\"container\">\n\t\t<div class=\"elementor-element elementor-element-4e09c905 e-con-full e-flex e-con e-child\" data-id=\"4e09c905\" data-element_type=\"container\" data-e-type=\"container\">\n\t\t\t\t<div class=\"elementor-element elementor-element-64db52d3 elementor-widget elementor-widget-image\" data-id=\"64db52d3\" data-element_type=\"widget\" data-e-type=\"widget\" data-widget_type=\"image.default\">\n\t\t\t\t\t\t\t\t\t\t\t\t\t\t\t<img fetchpriority=\"high\" decoding=\"async\" width=\"1080\" height=\"1080\" src=\"https:\/\/stevedor.dk\/wp-content\/uploads\/doegnbemandet-i-terminaldrift.webp\" class=\"attachment-full size-full wp-image-1925\" alt=\"\" srcset=\"https:\/\/stevedor.dk\/wp-content\/uploads\/doegnbemandet-i-terminaldrift.webp 1080w, https:\/\/stevedor.dk\/wp-content\/uploads\/doegnbemandet-i-terminaldrift-300x300.webp 300w, https:\/\/stevedor.dk\/wp-content\/uploads\/doegnbemandet-i-terminaldrift-1024x1024.webp 1024w, https:\/\/stevedor.dk\/wp-content\/uploads\/doegnbemandet-i-terminaldrift-150x150.webp 150w, https:\/\/stevedor.dk\/wp-content\/uploads\/doegnbemandet-i-terminaldrift-768x768.webp 768w\" sizes=\"(max-width: 1080px) 100vw, 1080px\" \/>\t\t\t\t\t\t\t\t\t\t\t\t\t\t\t<\/div>\n\t\t\t\t<\/div>\n\t\t<div class=\"elementor-element elementor-element-459f80e0 e-con-full e-flex e-con e-child\" data-id=\"459f80e0\" data-element_type=\"container\" data-e-type=\"container\">\n\t\t\t\t<div class=\"elementor-element elementor-element-6adfdc3c elementor-widget elementor-widget-heading\" data-id=\"6adfdc3c\" data-element_type=\"widget\" data-e-type=\"widget\" data-widget_type=\"heading.default\">\n\t\t\t\t\t<h3 class=\"elementor-heading-title elementor-size-default\">Rund um die Uhr besetzter Terminalbetrieb<\/h3>\t\t\t\t<\/div>\n\t\t\t\t<div class=\"elementor-element elementor-element-36a2bc11 elementor-widget elementor-widget-text-editor\" data-id=\"36a2bc11\" data-element_type=\"widget\" data-e-type=\"widget\" data-widget_type=\"text-editor.default\">\n\t\t\t\t\t\t\t\t\t<p>In Zusammenarbeit mit unserem Kunden Mammoet Europe haben wir Personal f\u00fcr das Terminal von Buss Port Logistics in Thybor\u00f8n gestellt, von dem aus im Laufe des Jahres 2025 s\u00e4mtlicher Sekund\u00e4rstahl f\u00fcr das THOR-Projekt von RWE verschifft wurde.<\/p><p>Das Projekt ist das bislang gr\u00f6\u00dfte Projekt von Thybor\u00f8n Stevedore und erforderte zeitweise eine Rund-um-die-Uhr-Besetzung.<\/p>\t\t\t\t\t\t\t\t<\/div>\n\t\t\t\t<\/div>\n\t\t\t\t<\/div>\n\t\t<div class=\"elementor-element elementor-element-5c375ff8 e-con-full e-flex e-con e-child\" data-id=\"5c375ff8\" data-element_type=\"container\" data-e-type=\"container\">\n\t\t<div class=\"elementor-element elementor-element-348df79a e-con-full e-flex e-con e-child\" data-id=\"348df79a\" data-element_type=\"container\" data-e-type=\"container\">\n\t\t\t\t<div class=\"elementor-element elementor-element-6acca55c elementor-widget elementor-widget-heading\" data-id=\"6acca55c\" data-element_type=\"widget\" data-e-type=\"widget\" data-widget_type=\"heading.default\">\n\t\t\t\t\t<h3 class=\"elementor-heading-title elementor-size-default\">Offshore-Schiffsservice in Thybor\u00f8n<\/h3>\t\t\t\t<\/div>\n\t\t\t\t<div class=\"elementor-element elementor-element-60674288 elementor-widget elementor-widget-text-editor\" data-id=\"60674288\" data-element_type=\"widget\" data-e-type=\"widget\" data-widget_type=\"text-editor.default\">\n\t\t\t\t\t\t\t\t\t<p>Im Zusammenhang mit dem THOR-Projekt haben wir zahlreiche Spezialschiffe betreut \u2013 von der Annahme und Lieferung von Komponenten und Versorgungsg\u00fctern bis hin zur Entsorgung von Abf\u00e4llen.<\/p>\t\t\t\t\t\t\t\t<\/div>\n\t\t\t\t<\/div>\n\t\t<div class=\"elementor-element elementor-element-5631e892 e-con-full e-flex e-con e-child\" data-id=\"5631e892\" data-element_type=\"container\" data-e-type=\"container\">\n\t\t\t\t<div class=\"elementor-element elementor-element-7d7256d5 elementor-widget elementor-widget-image\" data-id=\"7d7256d5\" data-element_type=\"widget\" data-e-type=\"widget\" data-widget_type=\"image.default\">\n\t\t\t\t\t\t\t\t\t\t\t\t\t\t\t<img decoding=\"async\" width=\"1080\" height=\"1080\" src=\"https:\/\/stevedor.dk\/wp-content\/uploads\/offshore-fartoejsservice-i-thyboroen.webp\" class=\"attachment-full size-full wp-image-1926\" alt=\"\" srcset=\"https:\/\/stevedor.dk\/wp-content\/uploads\/offshore-fartoejsservice-i-thyboroen.webp 1080w, https:\/\/stevedor.dk\/wp-content\/uploads\/offshore-fartoejsservice-i-thyboroen-300x300.webp 300w, https:\/\/stevedor.dk\/wp-content\/uploads\/offshore-fartoejsservice-i-thyboroen-1024x1024.webp 1024w, https:\/\/stevedor.dk\/wp-content\/uploads\/offshore-fartoejsservice-i-thyboroen-150x150.webp 150w, https:\/\/stevedor.dk\/wp-content\/uploads\/offshore-fartoejsservice-i-thyboroen-768x768.webp 768w\" sizes=\"(max-width: 1080px) 100vw, 1080px\" \/>\t\t\t\t\t\t\t\t\t\t\t\t\t\t\t<\/div>\n\t\t\t\t<\/div>\n\t\t\t\t<\/div>\n\t\t<div class=\"elementor-element elementor-element-87ef814 e-con-full e-flex e-con e-child\" data-id=\"87ef814\" data-element_type=\"container\" data-e-type=\"container\">\n\t\t<div class=\"elementor-element elementor-element-da8aeca e-con-full e-flex e-con e-child\" data-id=\"da8aeca\" data-element_type=\"container\" data-e-type=\"container\">\n\t\t\t\t<div class=\"elementor-element elementor-element-a20c865 elementor-widget elementor-widget-image\" data-id=\"a20c865\" data-element_type=\"widget\" data-e-type=\"widget\" data-widget_type=\"image.default\">\n\t\t\t\t\t\t\t\t\t\t\t\t\t\t\t<img decoding=\"async\" width=\"1080\" height=\"1080\" src=\"https:\/\/stevedor.dk\/wp-content\/uploads\/modtagelse-og-haandtering-af-taarnkomponenter-og-vindmoellevinger-paa-thyboroen-havn.webp\" class=\"attachment-full size-full wp-image-1927\" alt=\"\" srcset=\"https:\/\/stevedor.dk\/wp-content\/uploads\/modtagelse-og-haandtering-af-taarnkomponenter-og-vindmoellevinger-paa-thyboroen-havn.webp 1080w, https:\/\/stevedor.dk\/wp-content\/uploads\/modtagelse-og-haandtering-af-taarnkomponenter-og-vindmoellevinger-paa-thyboroen-havn-300x300.webp 300w, https:\/\/stevedor.dk\/wp-content\/uploads\/modtagelse-og-haandtering-af-taarnkomponenter-og-vindmoellevinger-paa-thyboroen-havn-1024x1024.webp 1024w, https:\/\/stevedor.dk\/wp-content\/uploads\/modtagelse-og-haandtering-af-taarnkomponenter-og-vindmoellevinger-paa-thyboroen-havn-150x150.webp 150w, https:\/\/stevedor.dk\/wp-content\/uploads\/modtagelse-og-haandtering-af-taarnkomponenter-og-vindmoellevinger-paa-thyboroen-havn-768x768.webp 768w\" sizes=\"(max-width: 1080px) 100vw, 1080px\" \/>\t\t\t\t\t\t\t\t\t\t\t\t\t\t\t<\/div>\n\t\t\t\t<\/div>\n\t\t<div class=\"elementor-element elementor-element-cac1620 e-con-full e-flex e-con e-child\" data-id=\"cac1620\" data-element_type=\"container\" data-e-type=\"container\">\n\t\t\t\t<div class=\"elementor-element elementor-element-bd9096e elementor-widget elementor-widget-heading\" data-id=\"bd9096e\" data-element_type=\"widget\" data-e-type=\"widget\" data-widget_type=\"heading.default\">\n\t\t\t\t\t<h3 class=\"elementor-heading-title elementor-size-default\">Annahme und Handhabung von Turmkomponenten und Windkraftanlagenfl\u00fcgeln im Hafen Thybor\u00f8n<\/h3>\t\t\t\t<\/div>\n\t\t\t\t<\/div>\n\t\t\t\t<\/div>\n\t\t\t\t\t<\/div>\n\t\t\t\t<\/div>\n\t\t\t\t<\/div>\n\t\t","protected":false},"excerpt":{"rendered":"<p>Offshore-Wind Mit den zunehmenden Offshore-Aktivit\u00e4ten sowohl in Thybor\u00f8n als auch in Hvide Sande haben wir in diesem Bereich umfassende Erfahrung aufgebaut, und heute k\u00f6nnen wir mit gut ausgebildetem und kompetentem Personal nahezu jede terminal- oder hafenbezogene Aufgabe \u00fcbernehmen. Kontaktieren Sie uns Warum Thybor\u00f8n Stevedore In den vergangenen Jahren haben wir solide Erfahrung in der Handhabung [&hellip;]<\/p>\n","protected":false},"author":2,"featured_media":0,"parent":2018,"menu_order":0,"comment_status":"closed","ping_status":"closed","template":"","meta":{"footnotes":""},"class_list":["post-1921","page","type-page","status-publish","hentry"],"_links":{"self":[{"href":"https:\/\/stevedor.dk\/de\/wp-json\/wp\/v2\/pages\/1921","targetHints":{"allow":["GET"]}}],"collection":[{"href":"https:\/\/stevedor.dk\/de\/wp-json\/wp\/v2\/pages"}],"about":[{"href":"https:\/\/stevedor.dk\/de\/wp-json\/wp\/v2\/types\/page"}],"author":[{"embeddable":true,"href":"https:\/\/stevedor.dk\/de\/wp-json\/wp\/v2\/users\/2"}],"replies":[{"embeddable":true,"href":"https:\/\/stevedor.dk\/de\/wp-json\/wp\/v2\/comments?post=1921"}],"version-history":[{"count":3,"href":"https:\/\/stevedor.dk\/de\/wp-json\/wp\/v2\/pages\/1921\/revisions"}],"predecessor-version":[{"id":2284,"href":"https:\/\/stevedor.dk\/de\/wp-json\/wp\/v2\/pages\/1921\/revisions\/2284"}],"up":[{"embeddable":true,"href":"https:\/\/stevedor.dk\/de\/wp-json\/wp\/v2\/pages\/2018"}],"wp:attachment":[{"href":"https:\/\/stevedor.dk\/de\/wp-json\/wp\/v2\/media?parent=1921"}],"curies":[{"name":"wp","href":"https:\/\/api.w.org\/{rel}","templated":true}]}}