{"id":1919,"date":"2025-12-22T10:11:35","date_gmt":"2025-12-22T10:11:35","guid":{"rendered":"https:\/\/stevedor.dk\/eisverkauf\/"},"modified":"2026-03-27T13:09:49","modified_gmt":"2026-03-27T13:09:49","slug":"eisverkauf","status":"publish","type":"page","link":"https:\/\/stevedor.dk\/de\/services\/eisverkauf\/","title":{"rendered":"Eisverkauf"},"content":{"rendered":"\t\t<div data-elementor-type=\"wp-page\" data-elementor-id=\"1919\" class=\"elementor elementor-1919 elementor-715\" data-elementor-post-type=\"page\">\n\t\t\t\t<div class=\"elementor-element elementor-element-636a1cc3 e-con-full e-flex e-con e-parent\" data-id=\"636a1cc3\" data-element_type=\"container\" data-e-type=\"container\" data-settings=\"{&quot;background_background&quot;:&quot;classic&quot;}\">\n\t\t<div class=\"elementor-element elementor-element-6eabc355 e-con-full hero-blue elementor-hidden-mobile e-flex e-con e-child\" data-id=\"6eabc355\" data-element_type=\"container\" data-e-type=\"container\" data-settings=\"{&quot;background_background&quot;:&quot;classic&quot;,&quot;position&quot;:&quot;absolute&quot;}\">\n\t\t\t\t<\/div>\n\t\t<div class=\"elementor-element elementor-element-2cc18d82 e-con-full e-flex e-con e-child\" data-id=\"2cc18d82\" data-element_type=\"container\" data-e-type=\"container\" data-settings=\"{&quot;background_background&quot;:&quot;classic&quot;}\">\n\t\t\t\t<div class=\"elementor-element elementor-element-1a2715c5 elementor-widget elementor-widget-heading\" data-id=\"1a2715c5\" data-element_type=\"widget\" data-e-type=\"widget\" data-widget_type=\"heading.default\">\n\t\t\t\t\t<h1 class=\"elementor-heading-title elementor-size-default\">Eisverkauf<\/h1>\t\t\t\t<\/div>\n\t\t\t\t<div class=\"elementor-element elementor-element-72e9b8fb elementor-widget elementor-widget-text-editor\" data-id=\"72e9b8fb\" data-element_type=\"widget\" data-e-type=\"widget\" data-widget_type=\"text-editor.default\">\n\t\t\t\t\t\t\t\t\t<p style=\"font-weight: 400;\">In Thybor\u00f8n verkaufen wir Flockeneis sowohl an Gewerbe als auch an Privatkunden.<\/p>\t\t\t\t\t\t\t\t<\/div>\n\t\t\t\t<div class=\"elementor-element elementor-element-65b458fe elementor-mobile-align-justify elementor-widget elementor-widget-button\" data-id=\"65b458fe\" data-element_type=\"widget\" data-e-type=\"widget\" data-widget_type=\"button.default\">\n\t\t\t\t\t\t\t\t\t\t<a class=\"elementor-button elementor-button-link elementor-size-sm\" href=\"https:\/\/stevedor.dk\/de\/kontakt\/\">\n\t\t\t\t\t\t<span class=\"elementor-button-content-wrapper\">\n\t\t\t\t\t\t\t\t\t<span class=\"elementor-button-text\">Kontaktieren Sie uns<\/span>\n\t\t\t\t\t<\/span>\n\t\t\t\t\t<\/a>\n\t\t\t\t\t\t\t\t<\/div>\n\t\t\t\t<\/div>\n\t\t\t\t<\/div>\n\t\t<div class=\"elementor-element elementor-element-797cba5c e-flex e-con-boxed e-con e-parent\" data-id=\"797cba5c\" data-element_type=\"container\" data-e-type=\"container\" data-settings=\"{&quot;background_background&quot;:&quot;classic&quot;}\">\n\t\t\t\t\t<div class=\"e-con-inner\">\n\t\t\t\t<div class=\"elementor-element elementor-element-388bdc08 elementor-widget elementor-widget-heading\" data-id=\"388bdc08\" data-element_type=\"widget\" data-e-type=\"widget\" data-widget_type=\"heading.default\">\n\t\t\t\t\t<h2 class=\"elementor-heading-title elementor-size-default\">Warum Thybor\u00f8n Stevedore<\/h2>\t\t\t\t<\/div>\n\t\t\t\t<div class=\"elementor-element elementor-element-9838c5b elementor-widget__width-initial elementor-widget elementor-widget-text-editor\" data-id=\"9838c5b\" data-element_type=\"widget\" data-e-type=\"widget\" data-widget_type=\"text-editor.default\">\n\t\t\t\t\t\t\t\t\t<p>Nach einer umfassenden Modernisierung im Jahr 2024 haben wir den t\u00e4glichen Betrieb des einzigen verbliebenen Eiswerks in Thybor\u00f8n \u00fcbernommen.<\/p><p>In Zusammenarbeit mit unserem Schwesterunternehmen Danske Fiskeauktioner verkaufen wir Eis sowohl an gewerbliche als auch an private Kunden.<\/p><p>Wenn Sie gewerblich t\u00e4tig sind und Zugang zu einer laufenden Eisversorgung w\u00fcnschen, erhalten Sie eine ID-Karte und k\u00f6nnen anschlie\u00dfend rund um die Uhr Eis abholen.<\/p><p>Wenn Sie privat sind und einen Sack, eine Kiste oder einen Anh\u00e4nger voll ben\u00f6tigen, kontaktieren Sie uns bitte, um Zeit und Ort zu vereinbaren.<\/p>\t\t\t\t\t\t\t\t<\/div>\n\t\t\t\t<div class=\"elementor-element elementor-element-d80e0db elementor-mobile-align-justify elementor-widget-mobile__width-inherit elementor-widget elementor-widget-button\" data-id=\"d80e0db\" data-element_type=\"widget\" data-e-type=\"widget\" data-widget_type=\"button.default\">\n\t\t\t\t\t\t\t\t\t\t<a class=\"elementor-button elementor-button-link elementor-size-sm\" href=\"https:\/\/stevedor.dk\/de\/kontakt\/\">\n\t\t\t\t\t\t<span class=\"elementor-button-content-wrapper\">\n\t\t\t\t\t\t\t\t\t<span class=\"elementor-button-text\">Kontaktieren Sie uns<\/span>\n\t\t\t\t\t<\/span>\n\t\t\t\t\t<\/a>\n\t\t\t\t\t\t\t\t<\/div>\n\t\t\t\t\t<\/div>\n\t\t\t\t<\/div>\n\t\t\t\t<\/div>\n\t\t","protected":false},"excerpt":{"rendered":"<p>Eisverkauf In Thybor\u00f8n verkaufen wir Flockeneis sowohl an Gewerbe als auch an Privatkunden. Kontaktieren Sie uns Warum Thybor\u00f8n Stevedore Nach einer umfassenden Modernisierung im Jahr 2024 haben wir den t\u00e4glichen Betrieb des einzigen verbliebenen Eiswerks in Thybor\u00f8n \u00fcbernommen. In Zusammenarbeit mit unserem Schwesterunternehmen Danske Fiskeauktioner verkaufen wir Eis sowohl an gewerbliche als auch an private [&hellip;]<\/p>\n","protected":false},"author":2,"featured_media":0,"parent":2018,"menu_order":0,"comment_status":"closed","ping_status":"closed","template":"","meta":{"footnotes":""},"class_list":["post-1919","page","type-page","status-publish","hentry"],"_links":{"self":[{"href":"https:\/\/stevedor.dk\/de\/wp-json\/wp\/v2\/pages\/1919","targetHints":{"allow":["GET"]}}],"collection":[{"href":"https:\/\/stevedor.dk\/de\/wp-json\/wp\/v2\/pages"}],"about":[{"href":"https:\/\/stevedor.dk\/de\/wp-json\/wp\/v2\/types\/page"}],"author":[{"embeddable":true,"href":"https:\/\/stevedor.dk\/de\/wp-json\/wp\/v2\/users\/2"}],"replies":[{"embeddable":true,"href":"https:\/\/stevedor.dk\/de\/wp-json\/wp\/v2\/comments?post=1919"}],"version-history":[{"count":2,"href":"https:\/\/stevedor.dk\/de\/wp-json\/wp\/v2\/pages\/1919\/revisions"}],"predecessor-version":[{"id":2240,"href":"https:\/\/stevedor.dk\/de\/wp-json\/wp\/v2\/pages\/1919\/revisions\/2240"}],"up":[{"embeddable":true,"href":"https:\/\/stevedor.dk\/de\/wp-json\/wp\/v2\/pages\/2018"}],"wp:attachment":[{"href":"https:\/\/stevedor.dk\/de\/wp-json\/wp\/v2\/media?parent=1919"}],"curies":[{"name":"wp","href":"https:\/\/api.w.org\/{rel}","templated":true}]}}