{"id":1887,"date":"2025-12-22T10:06:44","date_gmt":"2025-12-22T10:06:44","guid":{"rendered":"https:\/\/stevedor.dk\/tiefkuehllager\/"},"modified":"2026-03-27T13:09:50","modified_gmt":"2026-03-27T13:09:50","slug":"tiefkuehllager","status":"publish","type":"page","link":"https:\/\/stevedor.dk\/de\/services\/tiefkuehllager\/","title":{"rendered":"Tiefk\u00fchllager"},"content":{"rendered":"\t\t<div data-elementor-type=\"wp-page\" data-elementor-id=\"1887\" class=\"elementor elementor-1887 elementor-699\" data-elementor-post-type=\"page\">\n\t\t\t\t<div class=\"elementor-element elementor-element-20ffbc68 e-con-full e-flex e-con e-parent\" data-id=\"20ffbc68\" data-element_type=\"container\" data-e-type=\"container\" data-settings=\"{&quot;background_background&quot;:&quot;classic&quot;}\">\n\t\t<div class=\"elementor-element elementor-element-2bf6031e e-con-full hero-blue elementor-hidden-mobile e-flex e-con e-child\" data-id=\"2bf6031e\" data-element_type=\"container\" data-e-type=\"container\" data-settings=\"{&quot;background_background&quot;:&quot;classic&quot;,&quot;position&quot;:&quot;absolute&quot;}\">\n\t\t\t\t<\/div>\n\t\t<div class=\"elementor-element elementor-element-5e65c25c e-con-full e-flex e-con e-child\" data-id=\"5e65c25c\" data-element_type=\"container\" data-e-type=\"container\" data-settings=\"{&quot;background_background&quot;:&quot;classic&quot;}\">\n\t\t\t\t<div class=\"elementor-element elementor-element-3a88d8b9 elementor-widget elementor-widget-heading\" data-id=\"3a88d8b9\" data-element_type=\"widget\" data-e-type=\"widget\" data-widget_type=\"heading.default\">\n\t\t\t\t\t<h1 class=\"elementor-heading-title elementor-size-default\">Tiefk\u00fchllager<\/h1>\t\t\t\t<\/div>\n\t\t\t\t<div class=\"elementor-element elementor-element-128ea7df elementor-widget elementor-widget-text-editor\" data-id=\"128ea7df\" data-element_type=\"widget\" data-e-type=\"widget\" data-widget_type=\"text-editor.default\">\n\t\t\t\t\t\t\t\t\t<p style=\"font-weight: 400;\">Wir verf\u00fcgen \u00fcber Tiefk\u00fchllager, die sowohl f\u00fcr Lebensmittel- als auch f\u00fcr Futtermittelprodukte zugelassen sind.<\/p>\t\t\t\t\t\t\t\t<\/div>\n\t\t\t\t<div class=\"elementor-element elementor-element-38966c26 elementor-mobile-align-justify elementor-widget elementor-widget-button\" data-id=\"38966c26\" data-element_type=\"widget\" data-e-type=\"widget\" data-widget_type=\"button.default\">\n\t\t\t\t\t\t\t\t\t\t<a class=\"elementor-button elementor-button-link elementor-size-sm\" href=\"https:\/\/stevedor.dk\/de\/kontakt\/\">\n\t\t\t\t\t\t<span class=\"elementor-button-content-wrapper\">\n\t\t\t\t\t\t\t\t\t<span class=\"elementor-button-text\">Kontaktieren Sie uns<\/span>\n\t\t\t\t\t<\/span>\n\t\t\t\t\t<\/a>\n\t\t\t\t\t\t\t\t<\/div>\n\t\t\t\t<\/div>\n\t\t\t\t<\/div>\n\t\t<div class=\"elementor-element elementor-element-22697c8 e-flex e-con-boxed e-con e-parent\" data-id=\"22697c8\" data-element_type=\"container\" data-e-type=\"container\" data-settings=\"{&quot;background_background&quot;:&quot;classic&quot;}\">\n\t\t\t\t\t<div class=\"e-con-inner\">\n\t\t\t\t<div class=\"elementor-element elementor-element-14bf1d43 elementor-widget elementor-widget-heading\" data-id=\"14bf1d43\" data-element_type=\"widget\" data-e-type=\"widget\" data-widget_type=\"heading.default\">\n\t\t\t\t\t<h2 class=\"elementor-heading-title elementor-size-default\">Warum Thybor\u00f8n Stevedore<\/h2>\t\t\t\t<\/div>\n\t\t\t\t<div class=\"elementor-element elementor-element-11a772e5 elementor-widget__width-initial elementor-widget elementor-widget-text-editor\" data-id=\"11a772e5\" data-element_type=\"widget\" data-e-type=\"widget\" data-widget_type=\"text-editor.default\">\n\t\t\t\t\t\t\t\t\t<p data-start=\"544\" data-end=\"837\">Sowohl in Hvide Sande als auch in Thybor\u00f8n verf\u00fcgen wir \u00fcber umfangreiche Tiefk\u00fchllager, die alle f\u00fcr die Lagerung von Lebensmitteln sowie f\u00fcr den Export in eine Vielzahl von L\u00e4ndern \u2013 auch au\u00dferhalb Europas \u2013 zugelassen sind.<\/p>\t\t\t\t\t\t\t\t<\/div>\n\t\t\t\t<div class=\"elementor-element elementor-element-7a45c689 elementor-mobile-align-justify elementor-widget-mobile__width-inherit elementor-widget elementor-widget-button\" data-id=\"7a45c689\" data-element_type=\"widget\" data-e-type=\"widget\" data-widget_type=\"button.default\">\n\t\t\t\t\t\t\t\t\t\t<a class=\"elementor-button elementor-button-link elementor-size-sm\" href=\"#se-hvad-vi-kan\">\n\t\t\t\t\t\t<span class=\"elementor-button-content-wrapper\">\n\t\t\t\t\t\t\t\t\t<span class=\"elementor-button-text\">Sehen Sie, was wir k\u00f6nnen<\/span>\n\t\t\t\t\t<\/span>\n\t\t\t\t\t<\/a>\n\t\t\t\t\t\t\t\t<\/div>\n\t\t\t\t\t<\/div>\n\t\t\t\t<\/div>\n\t\t<div class=\"elementor-element elementor-element-44c261ec e-flex e-con-boxed e-con e-parent\" data-id=\"44c261ec\" data-element_type=\"container\" data-e-type=\"container\" id=\"se-hvad-vi-kan\">\n\t\t\t\t\t<div class=\"e-con-inner\">\n\t\t\t\t<div class=\"elementor-element elementor-element-1f644b09 elementor-widget__width-initial elementor-widget elementor-widget-heading\" data-id=\"1f644b09\" data-element_type=\"widget\" data-e-type=\"widget\" data-widget_type=\"heading.default\">\n\t\t\t\t\t<h2 class=\"elementor-heading-title elementor-size-default\">Beispiele f\u00fcr Speziallagerung und Logistikaufgaben<\/h2>\t\t\t\t<\/div>\n\t\t<div class=\"elementor-element elementor-element-606cdd7f e-con-full e-flex e-con e-child\" data-id=\"606cdd7f\" data-element_type=\"container\" data-e-type=\"container\">\n\t\t<div class=\"elementor-element elementor-element-2c04293c e-con-full e-flex e-con e-child\" data-id=\"2c04293c\" data-element_type=\"container\" data-e-type=\"container\">\n\t\t\t\t<div class=\"elementor-element elementor-element-9a68749 elementor-widget elementor-widget-image\" data-id=\"9a68749\" data-element_type=\"widget\" data-e-type=\"widget\" data-widget_type=\"image.default\">\n\t\t\t\t\t\t\t\t\t\t\t\t\t\t\t<img fetchpriority=\"high\" decoding=\"async\" width=\"1080\" height=\"1080\" src=\"https:\/\/stevedor.dk\/wp-content\/uploads\/nedfrysning-og-opbevaring-af-raatobak.webp\" class=\"attachment-full size-full wp-image-1891\" alt=\"\" srcset=\"https:\/\/stevedor.dk\/wp-content\/uploads\/nedfrysning-og-opbevaring-af-raatobak.webp 1080w, https:\/\/stevedor.dk\/wp-content\/uploads\/nedfrysning-og-opbevaring-af-raatobak-300x300.webp 300w, https:\/\/stevedor.dk\/wp-content\/uploads\/nedfrysning-og-opbevaring-af-raatobak-1024x1024.webp 1024w, https:\/\/stevedor.dk\/wp-content\/uploads\/nedfrysning-og-opbevaring-af-raatobak-150x150.webp 150w, https:\/\/stevedor.dk\/wp-content\/uploads\/nedfrysning-og-opbevaring-af-raatobak-768x768.webp 768w\" sizes=\"(max-width: 1080px) 100vw, 1080px\" \/>\t\t\t\t\t\t\t\t\t\t\t\t\t\t\t<\/div>\n\t\t\t\t<\/div>\n\t\t<div class=\"elementor-element elementor-element-837acfa e-con-full e-flex e-con e-child\" data-id=\"837acfa\" data-element_type=\"container\" data-e-type=\"container\">\n\t\t\t\t<div class=\"elementor-element elementor-element-e8b833a elementor-widget elementor-widget-heading\" data-id=\"e8b833a\" data-element_type=\"widget\" data-e-type=\"widget\" data-widget_type=\"heading.default\">\n\t\t\t\t\t<h3 class=\"elementor-heading-title elementor-size-default\">Einfrieren und Lagerung von Rohtabak<\/h3>\t\t\t\t<\/div>\n\t\t\t\t<div class=\"elementor-element elementor-element-641e6387 elementor-widget elementor-widget-text-editor\" data-id=\"641e6387\" data-element_type=\"widget\" data-e-type=\"widget\" data-widget_type=\"text-editor.default\">\n\t\t\t\t\t\t\t\t\t<p>F\u00fcr die Scandinavian Tobacco Group frieren wir Rohtabak bis zu 3 Wochen ein, um Sch\u00e4dlinge zu bek\u00e4mpfen. Anschlie\u00dfend wird der Tabak in eines unserer Trockenlager verlagert, wo er gelagert wird, bis das Werk in Holstebro die betreffende Sendung abruft. <\/p>\t\t\t\t\t\t\t\t<\/div>\n\t\t\t\t<\/div>\n\t\t\t\t<\/div>\n\t\t<div class=\"elementor-element elementor-element-3f8d8690 e-con-full e-flex e-con e-child\" data-id=\"3f8d8690\" data-element_type=\"container\" data-e-type=\"container\">\n\t\t<div class=\"elementor-element elementor-element-282501b4 e-con-full e-flex e-con e-child\" data-id=\"282501b4\" data-element_type=\"container\" data-e-type=\"container\">\n\t\t\t\t<div class=\"elementor-element elementor-element-75c9c228 elementor-widget elementor-widget-heading\" data-id=\"75c9c228\" data-element_type=\"widget\" data-e-type=\"widget\" data-widget_type=\"heading.default\">\n\t\t\t\t\t<h3 class=\"elementor-heading-title elementor-size-default\">Tiefk\u00fchllager f\u00fcr Fischerei und Krabbenfischerei<\/h3>\t\t\t\t<\/div>\n\t\t\t\t<div class=\"elementor-element elementor-element-1ec941fd elementor-widget elementor-widget-text-editor\" data-id=\"1ec941fd\" data-element_type=\"widget\" data-e-type=\"widget\" data-widget_type=\"text-editor.default\">\n\t\t\t\t\t\t\t\t\t<p>In unserem Tiefk\u00fchllager in Hvide Sande lagern wir Fischk\u00f6pfe tiefgefroren, bis sie als K\u00f6der in Krabbenreusen verwendet werden.<\/p>\t\t\t\t\t\t\t\t<\/div>\n\t\t\t\t<\/div>\n\t\t<div class=\"elementor-element elementor-element-1ec3853f e-con-full e-flex e-con e-child\" data-id=\"1ec3853f\" data-element_type=\"container\" data-e-type=\"container\">\n\t\t\t\t<div class=\"elementor-element elementor-element-7100ba25 elementor-widget elementor-widget-image\" data-id=\"7100ba25\" data-element_type=\"widget\" data-e-type=\"widget\" data-widget_type=\"image.default\">\n\t\t\t\t\t\t\t\t\t\t\t\t\t\t\t<img decoding=\"async\" width=\"1080\" height=\"1080\" src=\"https:\/\/stevedor.dk\/wp-content\/uploads\/frostlager-til-fiskeri-og-krabbefiskeri.webp\" class=\"attachment-full size-full wp-image-1892\" alt=\"\" srcset=\"https:\/\/stevedor.dk\/wp-content\/uploads\/frostlager-til-fiskeri-og-krabbefiskeri.webp 1080w, https:\/\/stevedor.dk\/wp-content\/uploads\/frostlager-til-fiskeri-og-krabbefiskeri-300x300.webp 300w, https:\/\/stevedor.dk\/wp-content\/uploads\/frostlager-til-fiskeri-og-krabbefiskeri-1024x1024.webp 1024w, https:\/\/stevedor.dk\/wp-content\/uploads\/frostlager-til-fiskeri-og-krabbefiskeri-150x150.webp 150w, https:\/\/stevedor.dk\/wp-content\/uploads\/frostlager-til-fiskeri-og-krabbefiskeri-768x768.webp 768w\" sizes=\"(max-width: 1080px) 100vw, 1080px\" \/>\t\t\t\t\t\t\t\t\t\t\t\t\t\t\t<\/div>\n\t\t\t\t<\/div>\n\t\t\t\t<\/div>\n\t\t\t\t\t<\/div>\n\t\t\t\t<\/div>\n\t\t\t\t<\/div>\n\t\t","protected":false},"excerpt":{"rendered":"<p>Tiefk\u00fchllager Wir verf\u00fcgen \u00fcber Tiefk\u00fchllager, die sowohl f\u00fcr Lebensmittel- als auch f\u00fcr Futtermittelprodukte zugelassen sind. Kontaktieren Sie uns Warum Thybor\u00f8n Stevedore Sowohl in Hvide Sande als auch in Thybor\u00f8n verf\u00fcgen wir \u00fcber umfangreiche Tiefk\u00fchllager, die alle f\u00fcr die Lagerung von Lebensmitteln sowie f\u00fcr den Export in eine Vielzahl von L\u00e4ndern \u2013 auch au\u00dferhalb Europas \u2013 [&hellip;]<\/p>\n","protected":false},"author":2,"featured_media":0,"parent":2018,"menu_order":0,"comment_status":"closed","ping_status":"closed","template":"","meta":{"footnotes":""},"class_list":["post-1887","page","type-page","status-publish","hentry"],"_links":{"self":[{"href":"https:\/\/stevedor.dk\/de\/wp-json\/wp\/v2\/pages\/1887","targetHints":{"allow":["GET"]}}],"collection":[{"href":"https:\/\/stevedor.dk\/de\/wp-json\/wp\/v2\/pages"}],"about":[{"href":"https:\/\/stevedor.dk\/de\/wp-json\/wp\/v2\/types\/page"}],"author":[{"embeddable":true,"href":"https:\/\/stevedor.dk\/de\/wp-json\/wp\/v2\/users\/2"}],"replies":[{"embeddable":true,"href":"https:\/\/stevedor.dk\/de\/wp-json\/wp\/v2\/comments?post=1887"}],"version-history":[{"count":8,"href":"https:\/\/stevedor.dk\/de\/wp-json\/wp\/v2\/pages\/1887\/revisions"}],"predecessor-version":[{"id":2239,"href":"https:\/\/stevedor.dk\/de\/wp-json\/wp\/v2\/pages\/1887\/revisions\/2239"}],"up":[{"embeddable":true,"href":"https:\/\/stevedor.dk\/de\/wp-json\/wp\/v2\/pages\/2018"}],"wp:attachment":[{"href":"https:\/\/stevedor.dk\/de\/wp-json\/wp\/v2\/media?parent=1887"}],"curies":[{"name":"wp","href":"https:\/\/api.w.org\/{rel}","templated":true}]}}